
{"id":17,"date":"2022-01-12T09:44:51","date_gmt":"2022-01-12T08:44:51","guid":{"rendered":"https:\/\/przedszkole102.edu.wroclaw.pl\/?page_id=17"},"modified":"2026-01-16T12:19:49","modified_gmt":"2026-01-16T11:19:49","slug":"deklaracja-dostepnosci","status":"publish","type":"page","link":"https:\/\/przedszkole102.edu.wroclaw.pl\/index.php\/deklaracja-dostepnosci\/","title":{"rendered":"Deklaracja dost\u0119pno\u015bci"},"content":{"rendered":"<div class=\"wpb-content-wrapper\"><p>[vc_row][vc_column][vc_raw_html]JTNDZGl2JTIwaWQlM0QlMjJrYWZsZSUyMiUyMGNsYXNzJTNEJTIyY29sLXhsLTQlMjBwZS1jb2xvcjMlMjBwZS13aWRnZXQlMjB3aWRnZXQlMjBwZV9jb250YWN0X3dpZGdldCUyMiUzRSUzQ2RpdiUyMGNsYXNzJTNEJTIycGUtd2lkZ2V0LWluJTIwY2xlYXJmaXglMjIlM0UlM0NkaXYlMjBjbGFzcyUzRCUyMnBlLWNvbnRhY3Qtd2lkZ2V0JTIwaWNvbiUyMCUyMiUzRSUwQSUzQ2ElMjBocmVmJTNEJTIyJTJGaW5kZXgucGhwJTJGZGVrbGFyYWNqYS1kb3N0ZXBub3NjaSUyRnJhcG9ydC1kb3N0ZXBub3NjaSUyRiUyMiUzRSUwQSUzQ3NwYW4lMjBjbGFzcyUzRCUyMnBlLWNvbnRhY3QtY29udGFpbmVyJTIyJTNFJTNDc3BhbiUyMGNsYXNzJTNEJTIycGUtaWNvbiUyMiUzRSUwQSUzQ3NwYW4lMjBjbGFzcyUzRCUyMnBlLXJvdW5kJTIyJTNFJTNDc3BhbiUyMGNsYXNzJTNEJTIyZmElMjBmYXMlMjBmYS1sYXllci1ncm91cCUyMGZhLTR4JTIyJTNFJTNDJTJGc3BhbiUzRSUzQyUyRnNwYW4lM0UlMDklMDklM0MlMkZzcGFuJTNFJTBBJTNDc3BhbiUyMGNsYXNzJTNEJTIycGUtdGV4dCUyMiUzRSUzQ3NwYW4lMjBjbGFzcyUzRCUyMnBlLWNvbnRhY3QtdGl0bGUlMjIlM0UlMEElM0NzcGFuJTNFUmFwb3J0JTIwZG9zdCVDNCU5OXBubyVDNSU5QmNpJTNDJTJGc3BhbiUzRSUyMCUyMCUwOSUzQyUyRnNwYW4lM0UlMEElM0MlMkZzcGFuJTNFJTBBJTNDJTJGc3BhbiUzRSUzQyUyRmElM0UlM0MlMkZkaXYlM0UlM0MlMkZkaXYlM0UlM0MlMkZkaXYlM0U=[\/vc_raw_html][\/vc_column][\/vc_row][vc_row][vc_column][vc_column_text css=&#8221;&#8221;]<\/p>\n<h2 id=\"a11y-deklaracja\"><span style=\"color: #c4360a;\"><strong><span style=\"font-size: 36pt;\">Deklaracja dost\u0119pno\u015bci Przedszkole nr 102<\/span><\/strong><\/span><span style=\"color: #007e9e;\"><strong><span style=\"font-size: 36pt;\"><br \/>\n<\/span><\/strong><\/span><\/h2>\n<p id=\"a11y-wstep\"><span style=\"font-size: 14pt;\"><span id=\"a11y-podmiot\">Przedszkole nr 102 we Wroc\u0142awiu<\/span> zobowi\u0105zuje si\u0119 zapewni\u0107 dost\u0119pno\u015b\u0107 swojej strony internetowej zgodnie z przepisami ustawy z dnia 4\u00a0kwietnia 2019\u00a0r. o\u00a0dost\u0119pno\u015bci cyfrowej stron internetowych i\u00a0aplikacji mobilnych podmiot\u00f3w publicznych. O\u015bwiadczenie w sprawie dost\u0119pno\u015bci ma zastosowanie do strony internetowej <a id=\"a11y-url\" href=\"https:\/\/przedszkole102.edu.wroclaw.pl\">Przedszkole nr 102<\/a>.<\/span><\/p>\n<ul>\n<li><span style=\"font-size: 14pt;\"><span style=\"font-size: 14pt;\">Data publikacji strony internetowej: <time id=\"a11y-data-publikacja\" datetime=\"2013-09-01\">2013-09-01<\/time><\/span><\/span><\/li>\n<li><span style=\"font-size: 14pt;\"><span style=\"font-size: 14pt;\">Data ostatniej istotnej aktualizacji: <time id=\"a11y-data-aktualizacja\" datetime=\"2022-01-28\">2022-01-28<\/time><\/span><\/span><\/li>\n<\/ul>\n<h2><span style=\"color: #c4360a;\"><strong><span style=\"font-size: 24pt;\">Status pod wzgl\u0119dem zgodno\u015bci z ustaw\u0105<\/span><\/strong><\/span><\/h2>\n<p><span style=\"font-size: 14pt;\">Strona internetowa jest <strong id=\"a11y-status\">cz\u0119\u015bciowo zgodna<\/strong> z\u00a0ustaw\u0105 o\u00a0dost\u0119pno\u015bci cyfrowej stron internetowych i\u00a0aplikacji mobilnych podmiot\u00f3w publicznych z powodu niezgodno\u015bci lub wy\u0142\u0105cze\u0144 wymienionych poni\u017cej.<\/span><\/p>\n<h3><span style=\"color: #c4360a;\"><strong><span style=\"font-size: 18pt;\">Tre\u015bci niedost\u0119pne<\/span><\/strong><\/span><\/h3>\n<ul>\n<li>opublikowane zdj\u0119cia i\u00a0grafiki nie\u00a0posiadaj\u0105 opisu alternatywnego,<\/li>\n<li>brak audiodeskrypcji dla materia\u0142\u00f3w multimedialnych<\/li>\n<li>niekt\u00f3re informacje przedstawiono jedynie w\u00a0formie graficznej,<\/li>\n<li>niekt\u00f3re tre\u015bci zosta\u0142y opublikowane z\u00a0grafikami, kt\u00f3re zawieraj\u0105 tekst,<\/li>\n<li>cz\u0119\u015b\u0107 dokument\u00f3w nie\u00a0posiada prawid\u0142owo wyedytowanej warstwy tekstowej zgodnej z\u00a0zasadami formatowania tekstu z\u00a0zakresu \u201edobrych praktyk redaktorskich\u201d (wielkie litery, kolorowe czcionki, zbyt ma\u0142y kontrast);<\/li>\n<li>niekt\u00f3re funkcjonalno\u015bci posiadaj\u0105 drobne b\u0142\u0119dy programistyczne, na obecn\u0105 chwil\u0119, niemo\u017cliwe do poprawy bez zewn\u0119trznej ingerencji programistycznej<\/li>\n<\/ul>\n<h3><span style=\"color: #c4360a;\"><strong><span style=\"font-size: 18pt;\">Przygotowanie deklaracji w sprawie dost\u0119pno\u015bci<\/span><\/strong><\/span><\/h3>\n<ul>\n<li><span style=\"font-size: 14pt;\"><span style=\"font-size: 14pt;\">Deklaracj\u0119 sporz\u0105dzono dnia: <time id=\"a11y-data-sporzadzenie\" datetime=\"2019-09-01\">2019-09-01<\/time><\/span><\/span><\/li>\n<li><span style=\"font-size: 14pt;\">Deklaracj\u0119 sporz\u0105dzono na podstawie samooceny<\/span><\/li>\n<li><span style=\"font-size: 14pt;\">Deklaracja zosta\u0142a poddana przegl\u0105dowi i aktualizacji dnia: <time id=\"a11y-data-deklaracja-przeglad\" datetime=\"2022-03-28\">2025-03-25<\/time><\/span><\/li>\n<\/ul>\n<h2 id=\"a11y-kontakt\"><span style=\"color: #c4360a;\"><strong><span style=\"font-size: 24pt;\">Informacje zwrotne i dane kontaktowe<\/span><\/strong><\/span><\/h2>\n<ul>\n<li><span style=\"font-size: 14pt;\">Za rozpatrywanie uwag i wniosk\u00f3w odpowiada: Anna Pu\u0142awska<br \/>\n<\/span><\/li>\n<li><span style=\"font-size: 14pt;\">E-mail: anna.pulawska@wroclawskaedukacja.pl<br \/>\n<\/span><\/li>\n<li><span style=\"font-size: 14pt;\">Telefon: 71 798 67 49<br \/>\n<\/span><\/li>\n<\/ul>\n<p id=\"a11y-procedura\"><span style=\"font-size: 14pt;\">Ka\u017cdy ma prawo:<\/span><\/p>\n<ul>\n<li><span style=\"font-size: 14pt;\">zg\u0142osi\u0107 uwagi dotycz\u0105ce dost\u0119pno\u015bci cyfrowej strony lub jej elementu,<\/span><\/li>\n<li><span style=\"font-size: 14pt;\">zg\u0142osi\u0107 \u017c\u0105danie zapewnienia dost\u0119pno\u015bci cyfrowej strony lub jej elementu,<\/span><\/li>\n<li><span style=\"font-size: 14pt;\">wnioskowa\u0107 o udost\u0119pnienie niedost\u0119pnej informacji w innej alternatywnej formie.<\/span><\/li>\n<\/ul>\n<p><span style=\"font-size: 14pt;\">\u017b\u0105danie musi zawiera\u0107:<\/span><\/p>\n<ul>\n<li><span style=\"font-size: 14pt;\">dane kontaktowe osoby zg\u0142aszaj\u0105cej,<\/span><\/li>\n<li><span style=\"font-size: 14pt;\">wskazanie strony lub elementu strony, kt\u00f3rej dotyczy \u017c\u0105danie,<\/span><\/li>\n<li><span style=\"font-size: 14pt;\">wskazanie dogodnej formy udost\u0119pnienia informacji, je\u015bli \u017c\u0105danie dotyczy udost\u0119pnienia w formie alternatywnej informacji niedost\u0119pnej.<\/span><\/li>\n<\/ul>\n<p><span style=\"font-size: 14pt;\">Rozpatrzenie zg\u0142oszenia powinno nast\u0105pi\u0107 niezw\u0142ocznie, najp\u00f3\u017aniej w ci\u0105gu 7 dni. Je\u015bli w tym terminie zapewnienie dost\u0119pno\u015bci albo zapewnienie dost\u0119pu w alternatywnej formie nie jest mo\u017cliwe, powinno nast\u0105pi\u0107 najdalej w ci\u0105gu 2 miesi\u0119cy od daty zg\u0142oszenia.<\/span><\/p>\n<h3><span style=\"color: #c4360a;\"><strong><span style=\"font-size: 18pt;\">Skargi i odwo\u0142ania<\/span><\/strong><\/span><\/h3>\n<p><span style=\"font-size: 14pt;\">Na niedotrzymanie tych termin\u00f3w oraz na odmow\u0119 realizacji \u017c\u0105dania mo\u017cna z\u0142o\u017cy\u0107 skarg\u0119 do organu nadzoruj\u0105cego poczt\u0105 lub drog\u0105 elektroniczn\u0105 na adres:<\/span><\/p>\n<ul>\n<li><span style=\"font-size: 14pt;\">Organ nadzoruj\u0105cy: Dyrektor Przedszkola nr 102 we Wroc\u0142awiu<\/span><\/li>\n<li><span style=\"font-size: 14pt;\">Adres: ul. Litomska 11<\/span><br \/>\n<span style=\"font-size: 14pt;\">53-641 Wroc\u0142aw<\/span><\/li>\n<li><span style=\"font-size: 14pt;\">E-mail: sekretariat.p0102@wroclawskaedukacja.pl<br \/>\n<\/span><\/li>\n<li><span style=\"font-size: 14pt;\">Telefon: <span id=\"a11y-telefon\">71 798 67 49<br \/>\n<\/span><\/span><\/li>\n<\/ul>\n<p><span style=\"font-size: 14pt;\">Skarg\u0119 mo\u017cna z\u0142o\u017cy\u0107 r\u00f3wnie\u017c do <a href=\"https:\/\/www.rpo.gov.pl\/content\/jak-zglosic-sie-do-rzecznika-praw-obywatelskich\">Rzecznika Praw Obywatelskich<\/a>.<\/span><\/p>\n<h2 id=\"a11y-architektura\"><span style=\"color: #c4360a;\"><strong><span style=\"font-size: 24pt;\">Dost\u0119pno\u015b\u0107 architektoniczna<\/span><\/strong><\/span><\/h2>\n<ul>\n<li>Brak dost\u0119pno\u015bci architektonicznej z powodu braku \u015brodk\u00f3w finansowych.<\/li>\n<li>Prawo wst\u0119pu z psem asystuj\u0105cym.<\/li>\n<li>Brak mo\u017cliwo\u015bci skorzystania z\u00a0 t\u0142umacza j\u0119zyka migowego na miejscu i on-line oraz\u00a0 ods\u0142uchania komunikatu .<\/li>\n<li>Przedszkole nie posiada w\u0142asnego parkingu dla rodzic\u00f3w.<\/li>\n<li>Parking osiedlowy og\u00f3lnodost\u0119pny.<\/li>\n<li>Mo\u017cliwo\u015b\u0107 skorzystania z alternatywnej formy komunikacji poprzez osobisty kontakt z pracownikiem na poziomie wej\u015bcia do budynku.<\/li>\n<\/ul>\n<p><span style=\"font-size: 14pt;\">\u00a0<\/span><\/p>\n<h3><span style=\"color: #c4360a;\"><strong><span style=\"font-size: 18pt;\">Udogodnienia<\/span><\/strong><\/span><\/h3>\n<ul>\n<li><span style=\"font-size: 14pt;\">Domy\u015ble skr\u00f3ty klawiszowe przegl\u0105darek internetowych<\/span><\/li>\n<li><span style=\"font-size: 14pt;\">Prze\u0142\u0105cznik kontrastowy<\/span><\/li>\n<\/ul>\n<p>[\/vc_column_text][\/vc_column][\/vc_row]<\/p>\n<\/div>","protected":false},"excerpt":{"rendered":"<p>[vc_row][vc_column][vc_raw_html]JTNDZGl2JTIwaWQlM0QlMjJrYWZsZSUyMiUyMGNsYXNzJTNEJTIyY29sLXhsLTQlMjBwZS1jb2xvcjMlMjBwZS13aWRnZXQlMjB3aWRnZXQlMjBwZV9jb250YWN0X3dpZGdldCUyMiUzRSUzQ2RpdiUyMGNsYXNzJTNEJTIycGUtd2lkZ2V0LWluJTIwY2xlYXJmaXglMjIlM0UlM0NkaXYlMjBjbGFzcyUzRCUyMnBlLWNvbnRhY3Qtd2lkZ2V0JTIwaWNvbiUyMCUyMiUzRSUwQSUzQ2ElMjBocmVmJTNEJTIyJTJGaW5kZXgucGhwJTJGZGVrbGFyYWNqYS1kb3N0ZXBub3NjaSUyRnJhcG9ydC1kb3N0ZXBub3NjaSUyRiUyMiUzRSUwQSUzQ3NwYW4lMjBjbGFzcyUzRCUyMnBlLWNvbnRhY3QtY29udGFpbmVyJTIyJTNFJTNDc3BhbiUyMGNsYXNzJTNEJTIycGUtaWNvbiUyMiUzRSUwQSUzQ3NwYW4lMjBjbGFzcyUzRCUyMnBlLXJvdW5kJTIyJTNFJTNDc3BhbiUyMGNsYXNzJTNEJTIyZmElMjBmYXMlMjBmYS1sYXllci1ncm91cCUyMGZhLTR4JTIyJTNFJTNDJTJGc3BhbiUzRSUzQyUyRnNwYW4lM0UlMDklMDklM0MlMkZzcGFuJTNFJTBBJTNDc3BhbiUyMGNsYXNzJTNEJTIycGUtdGV4dCUyMiUzRSUzQ3NwYW4lMjBjbGFzcyUzRCUyMnBlLWNvbnRhY3QtdGl0bGUlMjIlM0UlMEElM0NzcGFuJTNFUmFwb3J0JTIwZG9zdCVDNCU5OXBubyVDNSU5QmNpJTNDJTJGc3BhbiUzRSUyMCUyMCUwOSUzQyUyRnNwYW4lM0UlMEElM0MlMkZzcGFuJTNFJTBBJTNDJTJGc3BhbiUzRSUzQyUyRmElM0UlM0MlMkZkaXYlM0UlM0MlMkZkaXYlM0UlM0MlMkZkaXYlM0U=[\/vc_raw_html][\/vc_column][\/vc_row][vc_row][vc_column][vc_column_text css=&#8221;&#8221;] Deklaracja dost\u0119pno\u015bci Przedszkole nr 102 Przedszkole nr 102 we Wroc\u0142awiu zobowi\u0105zuje si\u0119 zapewni\u0107 dost\u0119pno\u015b\u0107 swojej strony internetowej zgodnie z przepisami ustawy z dnia 4\u00a0kwietnia 2019\u00a0r. o\u00a0dost\u0119pno\u015bci cyfrowej stron [&hellip;]<\/p>\n","protected":false},"author":7,"featured_media":0,"parent":0,"menu_order":0,"comment_status":"closed","ping_status":"closed","template":"","meta":{"footnotes":""},"class_list":["post-17","page","type-page","status-publish","hentry","clearfix"],"_links":{"self":[{"href":"https:\/\/przedszkole102.edu.wroclaw.pl\/index.php\/wp-json\/wp\/v2\/pages\/17","targetHints":{"allow":["GET"]}}],"collection":[{"href":"https:\/\/przedszkole102.edu.wroclaw.pl\/index.php\/wp-json\/wp\/v2\/pages"}],"about":[{"href":"https:\/\/przedszkole102.edu.wroclaw.pl\/index.php\/wp-json\/wp\/v2\/types\/page"}],"author":[{"embeddable":true,"href":"https:\/\/przedszkole102.edu.wroclaw.pl\/index.php\/wp-json\/wp\/v2\/users\/7"}],"replies":[{"embeddable":true,"href":"https:\/\/przedszkole102.edu.wroclaw.pl\/index.php\/wp-json\/wp\/v2\/comments?post=17"}],"version-history":[{"count":35,"href":"https:\/\/przedszkole102.edu.wroclaw.pl\/index.php\/wp-json\/wp\/v2\/pages\/17\/revisions"}],"predecessor-version":[{"id":1078,"href":"https:\/\/przedszkole102.edu.wroclaw.pl\/index.php\/wp-json\/wp\/v2\/pages\/17\/revisions\/1078"}],"wp:attachment":[{"href":"https:\/\/przedszkole102.edu.wroclaw.pl\/index.php\/wp-json\/wp\/v2\/media?parent=17"}],"curies":[{"name":"wp","href":"https:\/\/api.w.org\/{rel}","templated":true}]}}