
{"id":212,"date":"2022-01-25T11:39:44","date_gmt":"2022-01-25T10:39:44","guid":{"rendered":"https:\/\/przedszkole102.edu.wroclaw.pl\/?page_id=212"},"modified":"2022-10-11T11:09:21","modified_gmt":"2022-10-11T09:09:21","slug":"rada-rodzicow","status":"publish","type":"page","link":"https:\/\/przedszkole102.edu.wroclaw.pl\/index.php\/rada-rodzicow\/","title":{"rendered":"Rada rodzic\u00f3w"},"content":{"rendered":"<p><a href=\"https:\/\/przedszkole102.edu.wroclaw.pl\/wp-content\/uploads\/sites\/71\/2022\/10\/Paln-wspolpracy-z-rodzicami-docx.pdf\">Paln wsp\u00f3\u0142pracy z rodzicami docx<\/a><\/p>\n<p><a href=\"https:\/\/przedszkole102.edu.wroclaw.pl\/wp-content\/uploads\/sites\/71\/2022\/10\/Procedura-postepowania-z-dzieckiem-sprawiajacym-trudnosci-wychowawcze-i-przejawiajacym-agresje.pdf\">Procedura post\u0119powania z dzieckiem sprawiaj\u0105cym trudno\u015bci wychowawcze i przejawiaj\u0105cym agresj\u0119<\/a><\/p>\n<p>W plac\u00f3wce funkcjonuje Rada Rodzic\u00f3w. Przedstawicielami s\u0105 Rodzice reprezentuj\u0105cy ka\u017cd\u0105 grup\u0119.<\/p>\n<p>&nbsp;<\/p>\n","protected":false},"excerpt":{"rendered":"<p>Paln wsp\u00f3\u0142pracy z rodzicami docx Procedura post\u0119powania z dzieckiem sprawiaj\u0105cym trudno\u015bci wychowawcze i przejawiaj\u0105cym agresj\u0119 W plac\u00f3wce funkcjonuje Rada Rodzic\u00f3w. Przedstawicielami s\u0105 Rodzice reprezentuj\u0105cy ka\u017cd\u0105 grup\u0119. &nbsp;<\/p>\n","protected":false},"author":7,"featured_media":0,"parent":0,"menu_order":0,"comment_status":"closed","ping_status":"closed","template":"","meta":{"footnotes":""},"class_list":["post-212","page","type-page","status-publish","hentry","clearfix"],"_links":{"self":[{"href":"https:\/\/przedszkole102.edu.wroclaw.pl\/index.php\/wp-json\/wp\/v2\/pages\/212","targetHints":{"allow":["GET"]}}],"collection":[{"href":"https:\/\/przedszkole102.edu.wroclaw.pl\/index.php\/wp-json\/wp\/v2\/pages"}],"about":[{"href":"https:\/\/przedszkole102.edu.wroclaw.pl\/index.php\/wp-json\/wp\/v2\/types\/page"}],"author":[{"embeddable":true,"href":"https:\/\/przedszkole102.edu.wroclaw.pl\/index.php\/wp-json\/wp\/v2\/users\/7"}],"replies":[{"embeddable":true,"href":"https:\/\/przedszkole102.edu.wroclaw.pl\/index.php\/wp-json\/wp\/v2\/comments?post=212"}],"version-history":[{"count":8,"href":"https:\/\/przedszkole102.edu.wroclaw.pl\/index.php\/wp-json\/wp\/v2\/pages\/212\/revisions"}],"predecessor-version":[{"id":811,"href":"https:\/\/przedszkole102.edu.wroclaw.pl\/index.php\/wp-json\/wp\/v2\/pages\/212\/revisions\/811"}],"wp:attachment":[{"href":"https:\/\/przedszkole102.edu.wroclaw.pl\/index.php\/wp-json\/wp\/v2\/media?parent=212"}],"curies":[{"name":"wp","href":"https:\/\/api.w.org\/{rel}","templated":true}]}}