
{"id":27,"date":"2022-01-12T09:58:06","date_gmt":"2022-01-12T08:58:06","guid":{"rendered":"https:\/\/przedszkole102.edu.wroclaw.pl\/?page_id=27"},"modified":"2026-02-03T12:54:00","modified_gmt":"2026-02-03T11:54:00","slug":"rekrutacja","status":"publish","type":"page","link":"https:\/\/przedszkole102.edu.wroclaw.pl\/index.php\/rekrutacja\/","title":{"rendered":"Rekrutacja"},"content":{"rendered":"<h3><a href=\"https:\/\/przedszkole102.edu.wroclaw.pl\/wp-content\/uploads\/sites\/71\/2026\/02\/BIULETYN-INFORMACYJNY.pdf\">BIULETYN INFORMACYJNY<\/a><\/h3>\n<h3><a href=\"https:\/\/przedszkole102.edu.wroclaw.pl\/wp-content\/uploads\/sites\/71\/2026\/02\/UDZIAL-W-REKRUTACJI.docx\">UDZIA\u0141 W REKRUTACJI<\/a><\/h3>\n<h3><a href=\"https:\/\/przedszkole102.edu.wroclaw.pl\/wp-content\/uploads\/sites\/71\/2026\/02\/KRYTERIA-.docx\">KRYTERIA<\/a><\/h3>\n<h3><a href=\"https:\/\/przedszkole102.edu.wroclaw.pl\/wp-content\/uploads\/sites\/71\/2026\/02\/KONTYNUACJA.docx\">KONTYNUACJA<\/a><\/h3>\n<h3><a href=\"https:\/\/przedszkole102.edu.wroclaw.pl\/wp-content\/uploads\/sites\/71\/2026\/02\/PODSTAWY-PRAWNE.docx\">PODSTAWY PRAWNE<\/a><\/h3>\n<h3><a href=\"https:\/\/przedszkole102.edu.wroclaw.pl\/wp-content\/uploads\/sites\/71\/2026\/02\/WSPARCIE-TECHNICZNE.docx\">WSPARCIE TECHNICZNE<\/a><\/h3>\n<p><a href=\"https:\/\/przedszkole102.edu.wroclaw.pl\/wp-content\/uploads\/sites\/71\/2026\/02\/KOMUNIKAT.docx\">KOMUNIKAT<\/a><\/p>\n<p><a href=\"https:\/\/przedszkole102.edu.wroclaw.pl\/wp-content\/uploads\/sites\/71\/2026\/02\/INFORMACJE-OGOLNE.docx\">INFORMACJE OG\u00d3LNE<\/a><\/p>\n<p><a href=\"https:\/\/przedszkole102.edu.wroclaw.pl\/wp-content\/uploads\/sites\/71\/2026\/02\/HARMONOGRAM-DLA-RODZICOW-ETAP-PODSTAWOWY.docx\">HARMONOGRAM DLA RODZIC\u00d3W &#8211; ETAP PODSTAWOWY<\/a><\/p>\n<p><a href=\"https:\/\/przedszkole102.edu.wroclaw.pl\/wp-content\/uploads\/sites\/71\/2026\/02\/HARMONOGRAM-DLA-RODZICOW-ETAP-UZUPELNIAJACY.docx\">HARMONOGRAM DLA RODZIC\u00d3W &#8211; ETAP UZUPE\u0141NIAJ\u0104CY<\/a><\/p>\n<p><a href=\"https:\/\/przedszkole102.edu.wroclaw.pl\/wp-content\/uploads\/sites\/71\/2026\/02\/DOCHOD.docx\">DOCH\u00d3D<\/a><\/p>\n<p><a href=\"https:\/\/przedszkole102.edu.wroclaw.pl\/wp-content\/uploads\/sites\/71\/2026\/02\/SAMOTNE-WYCHOWANIE.docx\">SAMOTNE WYCHOWANIE<\/a><\/p>\n<p><a href=\"https:\/\/przedszkole102.edu.wroclaw.pl\/wp-content\/uploads\/sites\/71\/2026\/02\/DZIECI-O-SPECJALNYCH-POTRZEBACH.docx\">DZIECI O SPECJALNYCH POTRZEBACH<\/a><\/p>\n<p><a href=\"https:\/\/przedszkole102.edu.wroclaw.pl\/wp-content\/uploads\/sites\/71\/2026\/02\/ODWOLANIA.docx\">ODWO\u0141ANIA<\/a><\/p>\n<p><img loading=\"lazy\" decoding=\"async\" class=\"alignnone size-medium wp-image-1081\" src=\"https:\/\/przedszkole102.edu.wroclaw.pl\/wp-content\/uploads\/sites\/71\/2026\/02\/BIULETYN-STR-4-248x300.jpg\" alt=\"\" width=\"248\" height=\"300\" srcset=\"https:\/\/przedszkole102.edu.wroclaw.pl\/wp-content\/uploads\/sites\/71\/2026\/02\/BIULETYN-STR-4-248x300.jpg 248w, https:\/\/przedszkole102.edu.wroclaw.pl\/wp-content\/uploads\/sites\/71\/2026\/02\/BIULETYN-STR-4-845x1024.jpg 845w, https:\/\/przedszkole102.edu.wroclaw.pl\/wp-content\/uploads\/sites\/71\/2026\/02\/BIULETYN-STR-4-768x930.jpg 768w, https:\/\/przedszkole102.edu.wroclaw.pl\/wp-content\/uploads\/sites\/71\/2026\/02\/BIULETYN-STR-4-1268x1536.jpg 1268w, https:\/\/przedszkole102.edu.wroclaw.pl\/wp-content\/uploads\/sites\/71\/2026\/02\/BIULETYN-STR-4-1691x2048.jpg 1691w\" sizes=\"auto, (max-width: 248px) 100vw, 248px\" \/><\/p>\n","protected":false},"excerpt":{"rendered":"<p>BIULETYN INFORMACYJNY UDZIA\u0141 W REKRUTACJI KRYTERIA KONTYNUACJA PODSTAWY PRAWNE WSPARCIE TECHNICZNE KOMUNIKAT INFORMACJE OG\u00d3LNE HARMONOGRAM DLA RODZIC\u00d3W &#8211; ETAP PODSTAWOWY HARMONOGRAM DLA RODZIC\u00d3W &#8211; ETAP UZUPE\u0141NIAJ\u0104CY DOCH\u00d3D SAMOTNE WYCHOWANIE DZIECI [&hellip;]<\/p>\n","protected":false},"author":7,"featured_media":0,"parent":0,"menu_order":0,"comment_status":"closed","ping_status":"closed","template":"","meta":{"footnotes":""},"class_list":["post-27","page","type-page","status-publish","hentry","clearfix"],"_links":{"self":[{"href":"https:\/\/przedszkole102.edu.wroclaw.pl\/index.php\/wp-json\/wp\/v2\/pages\/27","targetHints":{"allow":["GET"]}}],"collection":[{"href":"https:\/\/przedszkole102.edu.wroclaw.pl\/index.php\/wp-json\/wp\/v2\/pages"}],"about":[{"href":"https:\/\/przedszkole102.edu.wroclaw.pl\/index.php\/wp-json\/wp\/v2\/types\/page"}],"author":[{"embeddable":true,"href":"https:\/\/przedszkole102.edu.wroclaw.pl\/index.php\/wp-json\/wp\/v2\/users\/7"}],"replies":[{"embeddable":true,"href":"https:\/\/przedszkole102.edu.wroclaw.pl\/index.php\/wp-json\/wp\/v2\/comments?post=27"}],"version-history":[{"count":15,"href":"https:\/\/przedszkole102.edu.wroclaw.pl\/index.php\/wp-json\/wp\/v2\/pages\/27\/revisions"}],"predecessor-version":[{"id":1098,"href":"https:\/\/przedszkole102.edu.wroclaw.pl\/index.php\/wp-json\/wp\/v2\/pages\/27\/revisions\/1098"}],"wp:attachment":[{"href":"https:\/\/przedszkole102.edu.wroclaw.pl\/index.php\/wp-json\/wp\/v2\/media?parent=27"}],"curies":[{"name":"wp","href":"https:\/\/api.w.org\/{rel}","templated":true}]}}