
{"id":279,"date":"2022-01-26T15:34:26","date_gmt":"2022-01-26T14:34:26","guid":{"rendered":"https:\/\/przedszkole102.edu.wroclaw.pl\/?page_id=279"},"modified":"2022-01-28T10:19:26","modified_gmt":"2022-01-28T09:19:26","slug":"edukacja-ekologiczna-czyli-jak-nauczyc-dziecko-ekologii","status":"publish","type":"page","link":"https:\/\/przedszkole102.edu.wroclaw.pl\/index.php\/edukacja-ekologiczna-czyli-jak-nauczyc-dziecko-ekologii\/","title":{"rendered":"EDUKACJA EKOLOGICZNA czyli jak nauczy\u0107 dziecko ekologii"},"content":{"rendered":"<h2>Jak nauczy\u0107 dziecko ekologii?<\/h2>\n<p align=\"center\"><img loading=\"lazy\" decoding=\"async\" src=\"https:\/\/przedszkole102wroc.szkolnastrona.pl\/container\/moja%20planeta%201.jpg\" alt=\"\" width=\"229\" height=\"220\"><\/p>\n<h3 style=\"text-align: left;\" align=\"center\">W domu:<\/h3>\n<ul>\n<li>Daj dobry przyk\u0142ad dziecku gasz\u0105c \u015bwiat\u0142o w pomieszczeniach, w kt\u00f3rych nikt nie przebywa, wy\u0142\u0105czaj\u0105c urz\u0105dzenia, z kt\u00f3rych si\u0119 nie korzysta czy od\u0142\u0105czaj\u0105c z pr\u0105du \u0142adowarki do telefonu.<\/li>\n<li>Zwracaj uwag\u0119 na szybkie zamykanie drzwi lod\u00f3wki, co uniemo\u017cliwia mieszanie si\u0119 zimnego powietrza z ciep\u0142ym. Warto pami\u0119ta\u0107 tak\u017ce o tym, by wk\u0142ada\u0107 do lod\u00f3wki ju\u017c sch\u0142odzone produkty.<\/li>\n<li>Do mycia z\u0119b\u00f3w przygotowuj dziecku i sobie wod\u0119 w kubeczku.<\/li>\n<li>Po umyciu r\u0105k od razu zakr\u0119cajcie kran i upewniajcie si\u0119, \u017ce nie kapie z niego woda. Zwracaj najm\u0142odszym uwag\u0119, by podczas mycia twarzy woda nie by\u0142a odkr\u0119cona.<\/li>\n<li>Wsp\u00f3lnie uczcie si\u0119 segregowania \u015bmieci.<\/li>\n<li>Podczas spaceru po mie\u015bcie pokazuj kolorowe pojemniki i t\u0142umacz, do czego s\u0105 potrzebne. W domu stw\u00f3rz odpowiednie miejsce do sk\u0142adowania: plastiku, szk\u0142a i papieru.<\/li>\n<li>Przed wyrzuceniem opakowa\u0144 &nbsp;&nbsp;kartonowych lub plastikowych zwracaj uwag\u0119 na ich zgniatanie, a tak\u017ce na odrywanie etykiety.<\/li>\n<li>Drugie \u015bniadanie do szko\u0142y i do pracy pakujcie do plastikowego pojemnika wielokrotnego u\u017cytku.<\/li>\n<li>Id\u0105c do sklepu zabierajcie specjalne torby wielokrotnego u\u017cytku. Mo\u017cesz dla swojej pociechy r\u00f3wnie\u017c przygotowa\u0107 tak\u0105 torb\u0119.<\/li>\n<li>Drukujcie i zapisujcie kartki dwustronnie.<\/li>\n<\/ul>\n<div>&nbsp;<\/div>\n<h3><strong>W lesie i na wycieczce:<\/strong><\/h3>\n<ul>\n<li>Pokazuj dziecku rozmaite ro\u015bliny i zwierz\u0119ta. Ucz ich nazw i zwyczaj\u00f3w. Poka\u017c, gdzie mieszkaj\u0105 i co lubi\u0105 je\u015b\u0107.<\/li>\n<li>Zwracaj uwag\u0119, by na \u0142onie przyrody nie \u015bmieci\u0107 i nie ha\u0142asowa\u0107.<\/li>\n<li>Okazuj zwierz\u0119tom trosk\u0119 i pomoc. Wsp\u00f3lnie z dzieckiem dokarmiaj zwierz\u0119ta, gdy brakuje im po\u017cywienia. W zimie powie\u015bcie razem karmnik na balkonie lub przed domem.<\/li>\n<li>Zwracaj uwag\u0119, by Twoja pociecha nie zabiera\u0142a dzikich zwierz\u0105t do domu: mr\u00f3wek, \u017cab, \u015blimak\u00f3w, konik\u00f3w polnych, a tak\u017ce by nie dotyka\u0142a ptasich gniazd i jaj.<\/li>\n<li>Pokazuj kwiaty i ro\u015bliny, kt\u00f3re s\u0105 pod ochron\u0105. Zaznaczaj, by nigdy niepotrzebnie nie zrywa\u0107 \u017cadnej ro\u015blinki czy \u0142ama\u0107 ga\u0142\u0119zi.<\/li>\n<li>Jak najcz\u0119\u015bciej starajcie si\u0119 odbywa\u0107 wsp\u00f3lne wycieczki rowerowe, nie samochodowe.<\/li>\n<li>Wyt\u0142umacz, \u017ce nie wolno wyrzuca\u0107 \u015bmieci do wody ani zakopywa\u0107 ich w piasku.<\/li>\n<\/ul>\n<p><img loading=\"lazy\" decoding=\"async\" src=\"https:\/\/przedszkole102wroc.szkolnastrona.pl\/container\/motyle%20-%20masazyki.png\" alt=\"\" width=\"224\" height=\"256\"><\/p>\n","protected":false},"excerpt":{"rendered":"<p>Jak nauczy\u0107 dziecko ekologii? W domu: Daj dobry przyk\u0142ad dziecku gasz\u0105c \u015bwiat\u0142o w pomieszczeniach, w kt\u00f3rych nikt nie przebywa, wy\u0142\u0105czaj\u0105c urz\u0105dzenia, z kt\u00f3rych si\u0119 nie korzysta czy od\u0142\u0105czaj\u0105c z pr\u0105du [&hellip;]<\/p>\n","protected":false},"author":7,"featured_media":0,"parent":0,"menu_order":0,"comment_status":"closed","ping_status":"closed","template":"","meta":{"footnotes":""},"class_list":["post-279","page","type-page","status-publish","hentry","clearfix"],"_links":{"self":[{"href":"https:\/\/przedszkole102.edu.wroclaw.pl\/index.php\/wp-json\/wp\/v2\/pages\/279","targetHints":{"allow":["GET"]}}],"collection":[{"href":"https:\/\/przedszkole102.edu.wroclaw.pl\/index.php\/wp-json\/wp\/v2\/pages"}],"about":[{"href":"https:\/\/przedszkole102.edu.wroclaw.pl\/index.php\/wp-json\/wp\/v2\/types\/page"}],"author":[{"embeddable":true,"href":"https:\/\/przedszkole102.edu.wroclaw.pl\/index.php\/wp-json\/wp\/v2\/users\/7"}],"replies":[{"embeddable":true,"href":"https:\/\/przedszkole102.edu.wroclaw.pl\/index.php\/wp-json\/wp\/v2\/comments?post=279"}],"version-history":[{"count":1,"href":"https:\/\/przedszkole102.edu.wroclaw.pl\/index.php\/wp-json\/wp\/v2\/pages\/279\/revisions"}],"predecessor-version":[{"id":280,"href":"https:\/\/przedszkole102.edu.wroclaw.pl\/index.php\/wp-json\/wp\/v2\/pages\/279\/revisions\/280"}],"wp:attachment":[{"href":"https:\/\/przedszkole102.edu.wroclaw.pl\/index.php\/wp-json\/wp\/v2\/media?parent=279"}],"curies":[{"name":"wp","href":"https:\/\/api.w.org\/{rel}","templated":true}]}}