
{"id":281,"date":"2022-01-26T15:41:10","date_gmt":"2022-01-26T14:41:10","guid":{"rendered":"https:\/\/przedszkole102.edu.wroclaw.pl\/?page_id=281"},"modified":"2022-01-28T10:22:36","modified_gmt":"2022-01-28T09:22:36","slug":"prawa-dziecka","status":"publish","type":"page","link":"https:\/\/przedszkole102.edu.wroclaw.pl\/index.php\/prawa-dziecka\/","title":{"rendered":"Prawa Dziecka"},"content":{"rendered":"<h3 style=\"text-align: center;\">O prawach dziecka&nbsp; &#8211; Janusz Korczak<strong><img loading=\"lazy\" decoding=\"async\" class=\"aligncenter\" src=\"https:\/\/encrypted-tbn2.gstatic.com\/images?q=tbn:ANd9GcSr8xDnMp7aBjJOCw5biNIy3AE0rcw9CfL9g7S2cbNenED6UVyK\" alt=\"\" width=\"333\" height=\"141\"><\/strong><\/h3>\n<p style=\"text-align: center;\">Niech si\u0119 wreszcie ka\u017cdy dowie<br \/>\nI rozpowie w \u015bwiecie ca\u0142ym,<br \/>\n\u017be dziecko to tak\u017ce cz\u0142owiek,<br \/>\nTyle, \u017ce jeszcze ma\u0142y.<br \/>\nDlatego ludzie uczeni,<br \/>\nKt\u00f3rym za to nale\u017c\u0105 si\u0119 brawa,<br \/>\nChc\u0105c wielu dzieci los odmieni\u0107,<br \/>\nStworzyli dla Was m\u0105dre prawa.<br \/>\nWi\u0119c je na co dzie\u0144 i od \u015bwi\u0119ta<\/p>\n<p>&nbsp;<\/p>\n<h3 style=\"text-align: center;\">Spr\u00f3bujcie dobrze zapami\u0119ta\u0107:<img loading=\"lazy\" decoding=\"async\" class=\"aligncenter\" src=\"https:\/\/encrypted-tbn0.gstatic.com\/images?q=tbn:ANd9GcSVR3RxBX9i2YBBDaiz1zOsAnYMEhBXHZQnA9S7gZqzIGMd9W8cng\" alt=\"\" width=\"267\" height=\"189\"><\/h3>\n<p style=\"text-align: center;\">Nikt mnie si\u0142\u0105 nie ma prawa zmusza\u0107 do niczego,<br \/>\nA szczeg\u00f3lnie do zrobienia czego\u015b niedobrego.<\/p>\n<p>&nbsp;<\/p>\n<p><img loading=\"lazy\" decoding=\"async\" class=\"aligncenter\" src=\"https:\/\/encrypted-tbn3.gstatic.com\/images?q=tbn:ANd9GcSKVvi1ygsmK5g3cEqNYJZdfS-xOMDZEvdSyecQvyDCYA1fZBgO\" alt=\"\" width=\"268\" height=\"201\"><\/p>\n<p style=\"text-align: center;\">Mog\u0119 uczy\u0107 si\u0119 wszystkiego, co mnie zaciekawi<\/p>\n<p style=\"text-align: center;\">I mam prawo sam wybiera\u0107, z kim si\u0119 b\u0119d\u0119 bawi\u0107.<\/p>\n<p style=\"text-align: center;\">Nikt nie mo\u017ce mnie poni\u017ca\u0107, krzywdzi\u0107, bi\u0107, wyzywa\u0107,<br \/>\nI ka\u017cdego mog\u0119 zawsze na ratunek wzywa\u0107.<\/p>\n<p style=\"text-align: center;\">Je\u015bli mama albo tata ju\u017c nie mieszka z nami,<br \/>\nNikt nie mo\u017ce mi zabroni\u0107 spotka\u0107 ich czasami.<\/p>\n<p style=\"text-align: center;\"><img loading=\"lazy\" decoding=\"async\" class=\"aligncenter\" src=\"https:\/\/encrypted-tbn2.gstatic.com\/images?q=tbn:ANd9GcS_KzY3dkEN-nt3eIq1frsqBXuUkkMFs6njoANPjB6Kf5pBfCHP\" alt=\"\" width=\"271\" height=\"307\"><br \/>\nNikt nie mo\u017ce moich list\u00f3w czyta\u0107 bez pytania,<br \/>\nMam te\u017c prawo do tajemnic i w\u0142asnego zdania.<\/p>\n<p>&nbsp;<\/p>\n<p style=\"text-align: center;\"><img loading=\"lazy\" decoding=\"async\" class=\"aligncenter\" src=\"https:\/\/encrypted-tbn0.gstatic.com\/images?q=tbn:ANd9GcRIZGEpf4eI4cnaL2ebKWFVBt6Z8XbKUA9ziAws9uaH0gN85lp6Fg\" alt=\"\" width=\"264\" height=\"195\">Mog\u0119 \u017c\u0105da\u0107, \u017ceby ka\u017cdy uzna\u0142 moje prawa,<\/p>\n<p style=\"text-align: center;\">A gdy r\u00f3\u017cni\u0119 si\u0119 od innych, to jest moja sprawa.<\/p>\n<p style=\"text-align: center;\">Tak si\u0119 tu w wiersze pouk\u0142ada\u0142y<br \/>\nPrawa dla dzieci na ca\u0142ym \u015bwiecie,<\/p>\n<p style=\"text-align: center;\">By\u015bcie w potrzebie z nich korzysta\u0142y<\/p>\n<p style=\"text-align: center;\">Najlepiej, jak umiecie.<\/p>\n<p>&nbsp;<\/p>\n<p>&nbsp;<\/p>\n<p><img loading=\"lazy\" decoding=\"async\" class=\"aligncenter\" src=\"https:\/\/encrypted-tbn1.gstatic.com\/images?q=tbn:ANd9GcTdm0e63_JHE4lexK21oWK_BicuvWKOPGob-FowKgFl2ev_a77B\" alt=\"\" width=\"387\" height=\"130\"><\/p>\n<div class=\"files-wrapper row\">\n<div class=\"col-xs-12\">\n<h3 class=\"files-header\">Pliki do pobrania<\/h3>\n<p><a href=\"https:\/\/przedszkole102.edu.wroclaw.pl\/wp-content\/uploads\/sites\/71\/2022\/01\/polityka-ochrony-dzieci-w-przedszkolu-nr-102.pdf\" target=\"_blank\" rel=\"noopener\">Polityka ochrony dzieci w przedszkolu nr 102 (pdf)<\/a><\/p>\n<\/div>\n<\/div>\n","protected":false},"excerpt":{"rendered":"<p>O prawach dziecka&nbsp; &#8211; Janusz Korczak Niech si\u0119 wreszcie ka\u017cdy dowie I rozpowie w \u015bwiecie ca\u0142ym, \u017be dziecko to tak\u017ce cz\u0142owiek, Tyle, \u017ce jeszcze ma\u0142y. Dlatego ludzie uczeni, Kt\u00f3rym za [&hellip;]<\/p>\n","protected":false},"author":7,"featured_media":0,"parent":0,"menu_order":0,"comment_status":"closed","ping_status":"closed","template":"","meta":{"footnotes":""},"class_list":["post-281","page","type-page","status-publish","hentry","clearfix"],"_links":{"self":[{"href":"https:\/\/przedszkole102.edu.wroclaw.pl\/index.php\/wp-json\/wp\/v2\/pages\/281","targetHints":{"allow":["GET"]}}],"collection":[{"href":"https:\/\/przedszkole102.edu.wroclaw.pl\/index.php\/wp-json\/wp\/v2\/pages"}],"about":[{"href":"https:\/\/przedszkole102.edu.wroclaw.pl\/index.php\/wp-json\/wp\/v2\/types\/page"}],"author":[{"embeddable":true,"href":"https:\/\/przedszkole102.edu.wroclaw.pl\/index.php\/wp-json\/wp\/v2\/users\/7"}],"replies":[{"embeddable":true,"href":"https:\/\/przedszkole102.edu.wroclaw.pl\/index.php\/wp-json\/wp\/v2\/comments?post=281"}],"version-history":[{"count":4,"href":"https:\/\/przedszkole102.edu.wroclaw.pl\/index.php\/wp-json\/wp\/v2\/pages\/281\/revisions"}],"predecessor-version":[{"id":287,"href":"https:\/\/przedszkole102.edu.wroclaw.pl\/index.php\/wp-json\/wp\/v2\/pages\/281\/revisions\/287"}],"wp:attachment":[{"href":"https:\/\/przedszkole102.edu.wroclaw.pl\/index.php\/wp-json\/wp\/v2\/media?parent=281"}],"curies":[{"name":"wp","href":"https:\/\/api.w.org\/{rel}","templated":true}]}}