
{"id":29,"date":"2022-01-12T09:59:08","date_gmt":"2022-01-12T08:59:08","guid":{"rendered":"https:\/\/przedszkole102.edu.wroclaw.pl\/?page_id=29"},"modified":"2022-04-26T12:38:34","modified_gmt":"2022-04-26T10:38:34","slug":"rodo","status":"publish","type":"page","link":"https:\/\/przedszkole102.edu.wroclaw.pl\/index.php\/rodo\/","title":{"rendered":"RODO"},"content":{"rendered":"<h2>Szanowna Pa\u0144stwo,<\/h2>\n<ul>\n<li><strong>Szanowni Pa\u0144stwo!<\/strong>\n<p><strong>\u00a0<\/strong><\/p>\n<p><strong>\u00a0<\/strong><\/p>\n<p>Zgodnie z art. 13 og\u00f3lnego rozporz\u0105dzenia o ochronie danych osobowych z dnia 27 kwietnia 2016 r. \u2013 RODO (Dz. Urz. UE L 119.1 z dnia 04.05.2016) mamy obowi\u0105zek udzielania kompleksowych informacji<br \/>\no tym, w jaki spos\u00f3b przetwarzane s\u0105\u0328 zbierane dane osobowe.<\/p>\n<p>&nbsp;<\/p>\n<p>W \u015bwietle RODO przyjmuj\u0105c od Pa\u0144stwa pismo, czy to w formie papierowej czy elektronicznej,<br \/>\nz okre\u015blon\u0105\u0328 tre\u015bci\u0105\u0328 i podpisem, Przedszkole nr 102 ul. Litomska 11, 53-641 Wroc\u0142aw, e-mail: sekretariat.p102@wroclawskaedukacja.pl staje si\u0119 ich administratorem<\/p>\n<p>&nbsp;<\/p>\n<p>W sprawach dotycz\u0105cych Pa\u0144stwa praw wynikaj\u0105cych z RODO mo\u017cecie Pa\u0144stwo kontaktowa\u0107 si\u0119<br \/>\nz wyznaczonym przez nas Inspektorem Ochrony Danych, kt\u00f3rym jest Marek Adamaszek kieruj\u0105c korespondencj\u0119 tradycyjn\u0105 na adres plac\u00f3wki z dopiskiem \u201eInspektor Ochrony Danych\u201d lub pisz\u0105c na adres email: <a href=\"mailto:madamaszek@zontekiwspolnicy.pl\">madamaszek@zontekiwspolnicy.pl<\/a><\/p>\n<p>&nbsp;<\/p>\n<p>Podane przez Pa\u0144stwa dane przetwarzamy w celu obs\u0142ugi przedstawionego przez Pa\u0144stwa dokumentu, jak r\u00f3wnie\u017c w celu realizacji zada\u0144 dydaktycznych, wychowawczych i opieku\u0144czych, wynikaj\u0105cych<br \/>\nz ustawy z dnia 7 wrze\u015bnia 1991 r. o systemie o\u015bwiaty, ustawy z dnia 14 grudnia 2016 r. &#8211; Prawo O\u015bwiatowe, Kodeksu Pracy z dnia 26 czerwca 1974 r. \u2013 na podstawie art. 6 ust. 1 lit. c og\u00f3lnego rozporz\u0105dzenia o ochronie danych osobowych z dnia 27 kwietnia 2016 r.<\/p>\n<p>&nbsp;<\/p>\n<p>Je\u017celi Pa\u0144stwa dane b\u0119d\u0105 podane dla potrzeb rekrutacji przetwarzamy je na podstawie Pa\u0144stwa zgody, kt\u00f3r\u0105\u0328 wyra\u017caj\u0105 Pa\u0144stwo poprzez zg\u0142oszenie si\u0119\u0328 w procesie rekrutacji i z\u0142o\u017cenie swojego CV lub innej dokumentacji aplikacyjnej oraz art. 6 ust. 1 lit. b RODO w celu podj\u0119cia dzia\u0142a\u0144 przed zawarciem ewentualnej umowy, jak r\u00f3wnie\u017c art. 6 ust. 1 lit. c RODO, w zwi\u0105zku z art. 22<sup>1<\/sup> Kodeksu Pracy. Szczeg\u00f3\u0142owe zasady przetwarzania danych znajd\u0105 Pa\u0144stwo w klauzulach zamieszczonych na naszej stronie internetowej lub w sekretariacie.<\/p>\n<p>&nbsp;<\/p>\n<p>Dane osobowe w tre\u015bci z\u0142o\u017conego przez Pa\u0144stwa pisma b\u0119d\u0105 przetwarzane przez okres wymagany przez przepisy prawa, kt\u00f3ry mo\u017ce by\u0107\u0301 ro\u017cny w zale\u017cno\u015bci od rodzaju sk\u0142adanego przez Pa\u0144stwa pisma. Szczeg\u00f3\u0142owe informacje w tym zakresie mo\u017cna znale\u017a\u0107\u0301 w Instrukcji Kancelaryjnej naszej plac\u00f3wki.<\/p>\n<p>&nbsp;<\/p>\n<p>Informujemy, \u017ce Pa\u0144stwa dane osobowe mog\u0105 by\u0107 udost\u0119pniane innym podmiotom uprawnionym na podstawie przepis\u00f3w prawa. Nasza Plac\u00f3wka stosuje niezb\u0119dne \u015brodki zabezpieczaj\u0105ce poufno\u015b\u0107\u0301 integralno\u015b\u0107\u0301 Pa\u0144stwa danych osobowych. Zabezpieczenia obejmuj\u0105\u0328 \u015brodki fizyczne i technologiczne ograniczaj\u0105ce dost\u0119p do Pa\u0144stwa danych, jak r\u00f3wnie\u017c stosowne \u015brodki zabezpieczaj\u0105ce przed utrat\u0105 Pa\u0144stwa danych.<\/p>\n<p>&nbsp;<\/p>\n<p>Maj\u0105 Pa\u0144stwo prawo do:<\/p>\n<ul>\n<li>dost\u0119pu do tre\u015bci swoich danych osobowych &#8211; oznacza to, ze mo\u017cecie Pa\u0144stwo prosi\u0107, aby\u015bmy wyeksportowali z baz danych informacje, jakie posiadamy na Pa\u0144stwa temat i przes\u0142ali je do Pa\u0144stwa<br \/>\nw formie pisemnej lub elektronicznej,<\/li>\n<\/ul>\n<p>&nbsp;<\/p>\n<ul>\n<li>poprawiania danych &#8211; je\u017celi przetwarzane przez nas dane s\u0105\u0328 nieprawid\u0142owe, maj\u0105 Pa\u0144stwo prawo do ich poprawienia,<\/li>\n<li>ograniczenia przetwarzania danych &#8211; je\u017celi uznaj\u0105 Pa\u0144stwo, \u017ce przetwarzamy zbyt szeroki zakres Pa\u0144stwa danych osobowych, maj\u0105 Pa\u0144stwo prawo za\u017c\u0105da\u0107\u0301, aby zakres danych zosta\u0142 ograniczony, o ile \u017c\u0105danie to nie b\u0119dzie sprzeciwia\u0142o si\u0119\u0328 wymaganiom nak\u0142adanym przez obowi\u0105zuj\u0105ce prawo lub nie b\u0119dzie to konieczne dla realizacji zawartej z nami umowy,<\/li>\n<\/ul>\n<p>&nbsp;<\/p>\n<ul>\n<li>\u017c\u0105dania usuni\u0119cia danych &#8211; prawo to, zwane r\u00f3wnie\u017c prawem do bycia zapomnianym, oznacza \u017c\u0105danie, aby\u015bmy usun\u0119li wszelkie informacje zawieraj\u0105ce Pa\u0144stwa dane osobowe, o ile b\u0119dzie to mo\u017cliwe na podstawie przepis\u00f3w prawa,<\/li>\n<\/ul>\n<p>&nbsp;<\/p>\n<ul>\n<li>przenoszenia danych do innego administratora danych &#8211; je\u017celi przetwarzamy Pa\u0144stwa dane osobowe na podstawie Pa\u0144stwa zgody lub w zwi\u0105zku z realizowan\u0105 umow\u0105, to zgodnie z og\u00f3lnym rozporz\u0105dzeniem o ochronie danych mo\u017cecie Pa\u0144stwo poprosi\u0107, aby\u015bmy wyeksportowali Pa\u0144stwa dane do odr\u0119bnego pliku, w celu ich dalszego przekazania do innego administratora danych.<\/li>\n<\/ul>\n<p>&nbsp;<\/p>\n<p>Maj\u0105 r\u00f3wnie\u017c Pa\u0144stwo prawo do sprzeciwu przetwarzania Pa\u0144stwa danych osobowych,<br \/>\nz przyczyn zwi\u0105zanych z Pa\u0144stwa szczeg\u00f3ln\u0105 sytuacj\u0105. Prawo do sprzeciwu mo\u017cecie Pa\u0144stwo zg\u0142osi\u0107 bezpo\u015brednio do Inspektora Ochrony Danych plac\u00f3wki lub listownie na adres plac\u00f3wki z dopiskiem \u201eRODO\u201d.<\/p>\n<p>&nbsp;<\/p>\n<p>Maj\u0105 Pa\u0144stwo tak\u017ce prawo do wniesienia skargi do organu nadzorczego \u2013 Prezesa Urz\u0119du Ochrony Danych Osobowych, ul. Stawki 2, 00-193 Warszawa, gdy uznaj\u0105 Pa\u0144stwo, \u017ce przetwarzanie Pa\u0144stwa danych osobowych narusza przepisy RODO.<\/p>\n<p>&nbsp;<\/li>\n<\/ul>\n<hr \/>\n<h3>Dane kontaktowe inspektora ochrony danych (IOD):<\/h3>\n<p>dr in\u017c. Marek Adamaszek<\/p>\n<p>Tel: 608294903<\/p>\n<p>E-MAIL:\u00a0<a href=\"mailto:abi@adametronics.pl\">abi@adametronics.pl<\/a><\/p>\n<p>&nbsp;<\/p>\n<h3>Dla cel\u00f3w rekrutacji do przedszkola:<\/h3>\n<p>iod.p102@wroclawskaedukacja.pl<\/p>\n","protected":false},"excerpt":{"rendered":"<p>Szanowna Pa\u0144stwo, Szanowni Pa\u0144stwo! \u00a0 \u00a0 Zgodnie z art. 13 og\u00f3lnego rozporz\u0105dzenia o ochronie danych osobowych z dnia 27 kwietnia 2016 r. \u2013 RODO (Dz. Urz. UE L 119.1 z [&hellip;]<\/p>\n","protected":false},"author":7,"featured_media":0,"parent":0,"menu_order":0,"comment_status":"closed","ping_status":"closed","template":"","meta":{"footnotes":""},"class_list":["post-29","page","type-page","status-publish","hentry","clearfix"],"_links":{"self":[{"href":"https:\/\/przedszkole102.edu.wroclaw.pl\/index.php\/wp-json\/wp\/v2\/pages\/29","targetHints":{"allow":["GET"]}}],"collection":[{"href":"https:\/\/przedszkole102.edu.wroclaw.pl\/index.php\/wp-json\/wp\/v2\/pages"}],"about":[{"href":"https:\/\/przedszkole102.edu.wroclaw.pl\/index.php\/wp-json\/wp\/v2\/types\/page"}],"author":[{"embeddable":true,"href":"https:\/\/przedszkole102.edu.wroclaw.pl\/index.php\/wp-json\/wp\/v2\/users\/7"}],"replies":[{"embeddable":true,"href":"https:\/\/przedszkole102.edu.wroclaw.pl\/index.php\/wp-json\/wp\/v2\/comments?post=29"}],"version-history":[{"count":5,"href":"https:\/\/przedszkole102.edu.wroclaw.pl\/index.php\/wp-json\/wp\/v2\/pages\/29\/revisions"}],"predecessor-version":[{"id":545,"href":"https:\/\/przedszkole102.edu.wroclaw.pl\/index.php\/wp-json\/wp\/v2\/pages\/29\/revisions\/545"}],"wp:attachment":[{"href":"https:\/\/przedszkole102.edu.wroclaw.pl\/index.php\/wp-json\/wp\/v2\/media?parent=29"}],"curies":[{"name":"wp","href":"https:\/\/api.w.org\/{rel}","templated":true}]}}