
{"id":304,"date":"2022-01-27T12:18:00","date_gmt":"2022-01-27T11:18:00","guid":{"rendered":"https:\/\/przedszkole102.edu.wroclaw.pl\/?page_id=304"},"modified":"2022-01-28T10:24:41","modified_gmt":"2022-01-28T09:24:41","slug":"zdrowe-dziecko","status":"publish","type":"page","link":"https:\/\/przedszkole102.edu.wroclaw.pl\/index.php\/zdrowe-dziecko\/","title":{"rendered":"Zdrowe dziecko"},"content":{"rendered":"<h2><strong>JAK ZWI\u0118KSZY\u0106 ODPORNO\u015a\u0106 DZIECKA<\/strong><\/h2>\n<p>Dla ka\u017cdego rodzica najwa\u017cniejsze jest zdrowie dziecka. Problem przezi\u0119bie\u0144 w\u015br\u00f3d dzieci jest szczeg\u00f3lnie aktualny w&nbsp;okresie jesienno \u2013 zimowym, kiedy maluchy cz\u0119\u015bciej, ni\u017c w&nbsp;innych porach roku nara\u017cone s\u0105 na r\u00f3\u017cnego rodzaju infekcje. Du\u017ce skupiska dzieci, takie jak przedszkola czy szko\u0142y, s\u0105 w&nbsp;tym czasie istn\u0105 \u201ewyl\u0119garni\u0105&#8221; wirus\u00f3w i&nbsp;bakterii, przenosz\u0105cych si\u0119 z&nbsp;jednego malucha na drugiego.<\/p>\n<p>Pediatrzy niemal jednog\u0142o\u015bnie przyznaj\u0105, \u017ce ka\u017cde dziecko rozpoczynaj\u0105c ucz\u0119szczanie do jakiejkolwiek grupy dzieci jest nara\u017cone na kontakt z zarazkami i infekcjami. Zdaniem wielu lekarzy tylko poprzez kontakt z chorobami we wczesnym etapie dzieci\u0144stwa, dziecko mo\u017ce wytworzy\u0107 w\u0142asn\u0105 odporno\u015b\u0107, a wyniku tego mniej chorowa\u0107 w szkole i doros\u0142ym ju\u017c \u017cyciu. Bywaj\u0105 dzieci mniej i bardziej odporne, kt\u00f3re choruj\u0105 raz albo niemal bez przerwy \u0142api\u0105 coraz to nowe infekcje. Rodzice w obawie przed chorowaniem swoich pociech wol\u0105 zostawi\u0107 je w domu, nawet kosztem ich edukacji i integracji z r\u00f3wie\u015bnikami.<\/p>\n<h2><strong>Odporno\u015b\u0107 zdrowotna przedszkolaka<\/strong><\/h2>\n<p>Uk\u0142ad odporno\u015bciowy dziecka w&nbsp;wieku przedszkolnym jest ju\u017c w&nbsp;zasadzie dojrza\u0142y i&nbsp;potrafi poradzi\u0107 sobie z&nbsp;wi\u0119kszo\u015bci\u0105 infekcji zar\u00f3wno bakteryjnych jak i&nbsp; wirusowych. Niewielka ilo\u015b\u0107 antygen\u00f3w chorobotw\u00f3rczych, z&nbsp;kt\u00f3rymi organizm dziecka dotychczas si\u0119 spotka\u0142 powoduje, \u017ce musi ono odpowiedzie\u0107 powa\u017cnymi objawami na wi\u0119kszo\u015b\u0107 chor\u00f3b. Nabywa w&nbsp;ten spos\u00f3b pami\u0119\u0107 immunologiczn\u0105 pozwalaj\u0105c\u0105 p\u00f3\u017aniej radzi\u0107 sobie z&nbsp;wieloma infekcjami. Mo\u017cna powiedzie\u0107, \u017ce przedszkolak przechodz\u0105c kolejne choroby sam \u201eszczepi si\u0119\u201d na wiele chor\u00f3b przeciwko, kt\u00f3rym nie wyprodukowano szczepionek.<\/p>\n<p>Przeci\u0119tnie dziecko w&nbsp;wieku przedszkolnym choruje 6-7 razy w&nbsp;roku na choroby przezi\u0119bieniowe. Jest to prawie nie do unikni\u0119cia. Wa\u017cne jest zadbanie, aby nie wyst\u0119powa\u0142y u niego w&nbsp;tym okresie niedobory witamin, minera\u0142\u00f3w i&nbsp;podstawowych sk\u0142adnik\u00f3w od\u017cywczych, bo to gwarantuje poradzenie sobie z&nbsp;chorob\u0105. Dieta dziecka powinna zawiera\u0107 odpowiedni\u0105 ilo\u015b\u0107 bia\u0142ka, kalorii, odpowiednich t\u0142uszczy, w&nbsp;kt\u00f3rych rozpuszczaj\u0105 si\u0119 niekt\u00f3re witaminy oraz b\u0142onnika.<\/p>\n<p>Posy\u0142aj\u0105c dziecko do przedszkola, niezale\u017cnie od wieku, rodzice musz\u0105 liczy\u0107 si\u0119 z&nbsp;cz\u0119stszymi problemami zdrowotnymi. Nosy i&nbsp;gard\u0142a przedszkolak\u00f3w s\u0105 rezerwuarem wielu drobnoustroj\u00f3w chorobotw\u00f3rczych, na kt\u00f3re my doro\u015bli jeste\u015bmy ju\u017c z&nbsp;regu\u0142y uodpornieni. Nasze maluchy natomiast, szczeg\u00f3lnie, gdy s\u0105 \u015bwie\u017co po jakiej\u015b chorobie, kt\u00f3ra nadwyr\u0119\u017cy\u0142a ich odporno\u015b\u0107, \u0142atwo zapadaj\u0105 na kolejne zaka\u017cenie, cz\u0119sto powa\u017cniejsze, spowodowane np. przez pneumokoki bytuj\u0105ce w&nbsp;nosie kolegi.<\/p>\n<p>Bardzo wa\u017cne dla wzmacniania odporno\u015bci dziecka jest, poza dbaniem o diet\u0119 i&nbsp; hartowanie go, leczenie ka\u017cdej infekcji oraz mo\u017cliwo\u015b\u0107 przeprowadzenia rekonwalescencji. Podobnie w&nbsp;fazie pojawienia si\u0119 pierwszych objaw\u00f3w przezi\u0119bienia bardzo wa\u017cna jest mo\u017cliwo\u015b\u0107 pozostawienia dziecka w&nbsp;domu, w&nbsp;cieple. Tym bardziej, \u017ce w&nbsp;pocz\u0105tkowej fazie choroby dziecko najbardziej zara\u017ca koleg\u00f3w.<\/p>\n<p>Wiek przedszkolny to okres \u017cycia typowy dla chor\u00f3b zaka\u017anych. Wi\u0119kszo\u015b\u0107 dzieci jest ju\u017c wtedy po pierwszej dawce szczepienia przeciwko odrze, \u015bwince i&nbsp;r\u00f3\u017cyczce, ale pozostaje ryzyko zachorowania na osp\u0119 wietrzn\u0105, gryp\u0119 czy \u017c\u00f3\u0142taczk\u0119 pokarmow\u0105. Mi\u0119dzy innymi przed tymi chorobami mo\u017cna uchroni\u0107 dziecko ca\u0142kowicie lub z\u0142agodzi\u0107 znacznie ich przebieg, stosuj\u0105c szczepionki nieobowi\u0105zkowe, ale zalecane w&nbsp;polskim kalendarzu szczepie\u0144.<\/p>\n<p>Warto o tym porozmawia\u0107 ze swoim pediatr\u0105 przed wys\u0142aniem dziecka do przedszkola i&nbsp;wtedy przeprowadzi\u0107 szczepienia przeciwko ospie wietrznej, \u017c\u00f3\u0142taczce pokarmowej. Podejrzenie, \u017ce z&nbsp;odporno\u015bci\u0105 ma\u0142ego dziecka co\u015b jest nie tak, ma uzasadnienie, je\u015bli infekcje wracaj\u0105 cz\u0119\u015bciej ni\u017c raz na dwa miesi\u0105ce, przebiegaj\u0105 nietypowo, ci\u0119\u017cko i&nbsp;niemal za ka\u017cdym razem ko\u0144cz\u0105 si\u0119 ropnymi zaka\u017ceniami.<\/p>\n<p>Wtedy koniecznie musimy zwr\u00f3ci\u0107 si\u0119 do pediatry, aby skontrolowa\u0107 stan zdrowia dziecka i&nbsp; ewentualnie wykona\u0107 badania dodatkowe. Nie da si\u0119, jak wida\u0107, zupe\u0142nie unikn\u0105\u0107 infekcji u dzieci, kt\u00f3re zacz\u0119\u0142y si\u0119 kontaktowa\u0107 z&nbsp;innymi maluchami &#8211; mo\u017cna jednak stara\u0107 si\u0119 zmniejszy\u0107 ilo\u015b\u0107 tych zachorowa\u0144 do niezb\u0119dnego minimum stosuj\u0105c:<\/p>\n<ul>\n<li><strong>Szczepienia ochronne<\/strong><\/li>\n<\/ul>\n<p>Opr\u00f3cz pilnowania kalendarza szczepie\u0144 warto podda\u0107 dziecko, zw\u0142aszcza takie, kt\u00f3re cz\u0119sto choruje, dodatkowym szczepieniom przeciwko pneumokokom i&nbsp;meningokokom. Uchronimy je w&nbsp;ten spos\u00f3b przed bakteryjnymi powik\u0142aniami popularnych infekcji wirusowych. Pediatrzy zalecaj\u0105 r\u00f3wnie\u017c podawanie najmniejszym dzieciom szczepionki przeciw grypie.<\/p>\n<ul>\n<li><strong>Preparaty wzmacniaj\u0105ce odporno\u015b\u0107<\/strong><\/li>\n<\/ul>\n<p>Przeznaczone s\u0105 w\u0142a\u015bnie dla cz\u0119sto choruj\u0105cych dzieci. S\u0105 to zawiesiny z&nbsp;cz\u0105steczkami bakterii, najcz\u0119\u015bciej wywo\u0142uj\u0105cych choroby. Uk\u0142ad odporno\u015bciowy mo\u017ce na nich \u201etrenowa\u0107\u201d i&nbsp;wytworzy\u0107 pami\u0119\u0107 immunologiczn\u0105 &#8211; zdolno\u015b\u0107 do obrony. Dodatkowo stymuluj\u0105 organizm do reakcji antyalergicznych. Mo\u017cna je stosowa\u0107 ju\u017c u male\u0144kich dzieci nawet podczas infekcji, pod warunkiem \u017ce dziecko zacz\u0119\u0142o terapi\u0119, kiedy by\u0142o zdrowe. Przeciwwskazaniem s\u0105 przewlek\u0142e choroby (np. cukrzyca, choroby nerek i&nbsp;w\u0105troby). Aby leki w\u0142a\u015bciwie zadzia\u0142a\u0142y, trzeba bra\u0107 je w&nbsp; odpowiednim cyklu. Wyb\u00f3r szczepionki zale\u017cy od lekarza. Na wytworzenie odporno\u015bci trzeba oko\u0142o trzech miesi\u0119cy.<\/p>\n<ul>\n<li><strong>Zdrowa dieta<\/strong><\/li>\n<\/ul>\n<p>Przew\u00f3d pokarmowy to najwi\u0119kszy organ uk\u0142adu immunologicznego, dlatego zdrowa dieta jest tak wa\u017cna dla budowania naturalnej odporno\u015bci organizmu. Posi\u0142ki dziecka powinny by\u0107 r\u00f3\u017cnorodne. Diet\u0119 zdrowego dziecka nale\u017cy oprze\u0107 na mleku, produktach zbo\u017cowych z&nbsp;pe\u0142nego przemia\u0142u, warzywach i&nbsp;owocach ,wzbogaca\u0107 o chude mi\u0119so, jaja i&nbsp;morskie ryby. Wzmacnianiu odporno\u015bci sprzyja uzupe\u0142nienie posi\u0142k\u00f3w malca w&nbsp;naturalne prebiotyki znajduj\u0105ce si\u0119 w&nbsp;cykorii, porach, karczochach, czosnku, szparagach, cebuli i&nbsp;bananach. Trzeba pami\u0119ta\u0107 r\u00f3wnie\u017c, \u017ceby dziecko jad\u0142o regularnie.<\/p>\n<ul>\n<li><strong>Hartowanie<\/strong><\/li>\n<\/ul>\n<p>Podstaw\u0105 hartowania s\u0105 codzienne spacery. Dziecko powinno sp\u0119dza\u0107 na \u015bwie\u017cym powietrzu przynajmniej dwie godziny dziennie. Przeciwwskazaniem do wyj\u015bcia z&nbsp;domu dla zdrowych ma\u0142ych dzieci jest tylko temperatura spadaj\u0105ca wi\u0119cej ni\u017c 10 stopni poni\u017cej zera. Malca nie mo\u017cna te\u017c przegrzewa\u0107, a posi\u0142ki i&nbsp;napoje dla niego powinny mie\u0107 temperatur\u0119 pokojow\u0105.<\/p>\n<p>Wcale nie jest powiedziane, \u017ce je\u015bli dziecko nie p\u00f3jdzie do \u017c\u0142obka czy przedszkola tylko zostanie w domu z niani\u0105 lub babci\u0105 to nie b\u0119dzie chorowa\u0107. W takiej sytuacji zostanie jedynie ograniczona liczba godzin, w kt\u00f3rych dziecko ma kontakt z czynnikami sprzyjaj\u0105cymi infekcjom. Nara\u017cone na kontakt z zarazkami jest przecie\u017c w wielu innych miejscach, jak chocia\u017cby podczas zabawy w piaskownicy czy zakup\u00f3w z opiekunem.<br \/>\nCzy dziecko b\u0119dzie chorowa\u0107 mo\u017cna sprawdzi\u0107 jedynie posy\u0142aj\u0105c je na zaj\u0119cia z r\u00f3wie\u015bnikami. To, w kt\u00f3rej plac\u00f3wce jest tego najmniejsze ryzyko rodzice mog\u0105 zweryfikowa\u0107 sami.<\/p>\n<h2>JAK TO JEST W INNYCH KRAJACH&#8230;<\/h2>\n<p>W Hiszpanii choroby dzieci niemal wpisane s\u0105 w program przedszkolny. Posy\u0142aj\u0105c dziecko do takiej plac\u00f3wki rodzice z g\u00f3ry zak\u0142adaj\u0105 wzrost zachorowa\u0144 ich maluch\u00f3w. Niemieckie przedszkolanki uczulaj\u0105 rodzic\u00f3w, by zostawiali dzieci z gor\u0105czk\u0105 lub przezi\u0119bieniem w domu, bo zara\u017caj\u0105 inne, ale rodzice raczej si\u0119 tym nie przejmuj\u0105. Dziecko zakatarzone i kaszl\u0105ce w przedszkolu za Odr\u0105 to nic niezwyk\u0142ego. Szwedzi natomiast przekonuj\u0105, \u017ce najlepsze dla dziecka jest hartowanie go od najm\u0142odszych lat. W kraju Trzech Koron, obok plac\u00f3wek, gdzie ka\u017cdego dnia dzieci sp\u0119dzaj\u0105 kilka godzin na dworze bez wzgl\u0119du na pogod\u0119, mo\u017cna znale\u017a\u0107 te\u017c takie, gdzie ca\u0142y dzie\u0144 pobytu na zewn\u0105trz wpisany jest w harmonogram zaj\u0119\u0107.<\/p>\n<h2>WIETRZENIE&#8230;.<\/h2>\n<p>Wietrzenie nie wp\u0142ywa na cz\u0119stotliwo\u015b\u0107 wyst\u0119powania chor\u00f3b u dzieci. Bardziej szkodliwe jest przebywanie dzieci w dusznej, nie wietrzonej sali pe\u0142nej wirus\u00f3w! W Polsce ca\u0142y czas pokutuje zwyczaj, \u017ce aby dziecko by\u0142o zdrowe nale\u017cy je cieplutko ubiera\u0107 i najlepiej w okresie zimowym nie wychodzi\u0107 na powietrze. Ju\u017c kilka minut wietrzenia daje dobry efekt. Zdrowsi b\u0119dziemy te\u017c, je\u017celi nie przegrzejemy pomieszcze\u0144, w kt\u00f3rych przebywamy. \u2013 Optymalna temperatura to 18-21 stopni. Gdy jest wi\u0119cej, wysusza si\u0119 nam \u015bluz\u00f3wka i jeste\u015bmy bardziej podatni na zarazki.<br \/>\nKiedy spada nam odporno\u015b\u0107, zarazki staj\u0105 si\u0119 silniejsze od nas i atakuj\u0105.Dlatego warto pami\u0119ta\u0107, \u017ce:<br \/>\n<strong>* Wietrz\u0105c sal\u0119, na kilka lub kilkana\u015bcie godzin mo\u017cemy si\u0119 pozby\u0107 nawet wszystkich zarazk\u00f3w z pomieszczenia<\/strong>.<br \/>\n* 15 minut &#8211; co tyle dzieli si\u0119, w idealnych warunkach, jedna bakteria. Bakterie uwielbiaj\u0105 osadza\u0107 si\u0119 na ciep\u0142ych kaloryferach, dywanach. Tam szybko si\u0119 rozmna\u017caj\u0105. Gdy bakteria jest wystarczaj\u0105co du\u017ca, dzieli si\u0119 na dwie. Tempo przyrostu zarazk\u00f3w jest tak ogromne, \u017ce gdyby nawet dzieli\u0142a si\u0119 cho\u0107by raz na godzin\u0119, po dobie by\u0142oby ponad 8,3 mln kom\u00f3rek, po 2 dobach ponad 14 bilion\u00f3w!<br \/>\n<strong>* 4 godziny &#8211; taki czas utrzymuje si\u0119 aktywny wirus grypy na przedmiotach \u2013 meblach, por\u0119czach czy fotelach w tramwajach&#8230;.<\/strong><\/p>\n<p><strong>&nbsp;<\/strong><\/p>\n<h3><strong>Zastan\u00f3wmy si\u0119, co jest dobre dla zdrowia dzieci&#8230;<br \/>\n<\/strong><\/h3>\n<h3 style=\"text-align: left;\" align=\"right\"><strong>opracowano na podstawie art. medycznych<\/strong><\/h3>\n<h2 align=\"center\"><strong>Procedura<\/strong><\/h2>\n<h3 align=\"center\"><strong>Post\u0119powanie w przypadku stwierdzenia wszawicy w przedszkolu<\/strong><\/h3>\n<h3><strong>Podstawa prawna:<\/strong><\/h3>\n<p>Rozporz\u0105dzenie Ministra Edukacji Narodowej i Sportu z dnia 31 grudnia 2002 r. w sprawie bezpiecze\u0144stwa i higieny w publicznych i niepublicznych szko\u0142ach i plac\u00f3wkach (Dz.U. z 2004 r. Nr 256, poz. 2572 z p\u00f3\u017an. zm.), ustawa o systemie o\u015bwiaty z dnia 7 wrze\u015bnia 1991 r. art. 39 ust.1 pkt 3.<\/p>\n<h3><strong>Cel procedury<\/strong><\/h3>\n<p>Procedura ma zapewni\u0107 higieniczne warunki pobytu dzieci w przedszkolu oraz chroni\u0107 przed rozprzestrzenieniem si\u0119 wszawicy w plac\u00f3wce.<\/p>\n<p><strong>Wszawica&nbsp;<\/strong>jest choroba zaka\u017an\u0105, powodowan\u0105 przez paso\u017cyta- wesz g\u0142owow\u0105. Paso\u017cyt ten yje wy\u0142\u0105cznie na ow\u0142osionej sk\u00f3rze g\u0142owy cz\u0142owieka i \u017cywi si\u0119 jego krwi\u0105. Larwy wszy (gnidy) maj\u0105 kolor bia\u0142o br\u0105zowy , a rozmiarem przypominaj\u0105 g\u0142\u00f3wk\u0119 szpilki. W miejscu uk\u0105szenia powstaje niewielkie zgrubienie, kt\u00f3re sw\u0119dzi i piecze. Do zaka\u017cenia dochodzi bezpo\u015brednio poprzez kontakt z zaka\u017conym, poprzez wsp\u00f3lne grzebienie, szczotki, czapki, szaliki, ubrania, po\u015bciel.<\/p>\n<h3><strong>Zakres procedury<\/strong><\/h3>\n<p>Procedura dotyczy post\u0119powania w przypadku stwierdzenia wszawicy w przedszkolu.<\/p>\n<p>&nbsp;<\/p>\n<h3><strong>Uczestnicy post\u0119powania \u2013 zakres odpowiedzialno\u015bci<\/strong><\/h3>\n<ol>\n<li><strong>Rodzice (opiekunowie prawni)<\/strong>: musz\u0105 mie\u0107 \u015bwiadomo\u015b\u0107 konieczno\u015bci monitorowania na bie\u017c\u0105co czysto\u015bci sk\u00f3ry g\u0142owy w\u0142asnego dziecka.<\/li>\n<li><strong>Nauczyciele<\/strong>: zobowi\u0105zani s\u0105 do natychmiastowego zg\u0142aszania dyrektorowi (wicedyrektorowi) przedszkola sygna\u0142\u00f3w dotycz\u0105cych pojawienia si\u0119 wszawicy w plac\u00f3wce.<\/li>\n<li><strong>Pracownicy obs\u0142ugi<\/strong>: winni zg\u0142osi\u0107 swoje podejrzenia, co do wyst\u0105pienia wszawicy<br \/>\nw danej grupie nauczycielowi, b\u0105d\u017a dyrektorowi.<\/li>\n<li><strong>Dyrektor<\/strong>: jest zobowi\u0105zany do zapewnienia dzieciom higienicznych warunk\u00f3w pobytu w przedszkolu, a pracownikom higienicznych warunk\u00f3w pracy.<\/li>\n<\/ol>\n<p>&nbsp;<\/p>\n<h3><strong>Spos\u00f3b prezentacji procedur<\/strong><\/h3>\n<ol>\n<li>Umieszczenie tre\u015bci dokumentu na stronie internetowej przedszkola.<\/li>\n<li>Zapoznanie rodzic\u00f3w z obowi\u0105zuj\u0105cymi w plac\u00f3wce procedurami na zebraniach organizacyjnych we wrze\u015bniu ka\u017cdego roku szkolnego.<\/li>\n<li>Zapoznanie wszystkich pracownik\u00f3w przedszkola z tre\u015bci\u0105 procedur.<\/li>\n<\/ol>\n<p>&nbsp;<\/p>\n<h3><strong>Tryb dokonywania zmian w procedurze<\/strong><\/h3>\n<ol>\n<li>Wszelkich zmian w opracowanej procedurze mo\u017ce dokona\u0107 z w\u0142asnej inicjatywy lub na wniosek rady pedagogicznej dyrektor plac\u00f3wki. Wnioskodawc\u0105 zmian mo\u017ce by\u0107 r\u00f3wnie\u017c rada rodzic\u00f3w.<\/li>\n<li>Proponowane zmiany nie mog\u0105 by\u0107 sprzeczne z prawem.<\/li>\n<li>Zasady wchodz\u0105 w \u017cycie z dniem:&nbsp;<strong>26.10.2018r.<\/strong><\/li>\n<\/ol>\n<h3><strong>Opis procedury<\/strong><\/h3>\n<p>Dla zapewnienia higienicznych warunk\u00f3w pobytu dzieci w przedszkolu oraz ochrony przed rozprzestrzenianiem si\u0119 wszawicy w plac\u00f3wce, zobowi\u0105zuje si\u0119:<\/p>\n<ol>\n<li>Rodzic\u00f3w (opiekun\u00f3w) dziecka do regularnego monitorowania czysto\u015bci sk\u00f3ry i g\u0142owy dziecka. W przypadku stwierdzenia jakichkolwiek podejrze\u0144 o wyst\u0105pienie wszawicy zastosowanie kuracji odwszawiaj\u0105cej polegaj\u0105cej na usuni\u0119ciu paso\u017cyt\u00f3w z g\u0142owy dziecka oraz zdezynfekowanie ubra\u0144 i po\u015bcieli. Rodzice s\u0105 zobowi\u0105zanie do powiadomienia nauczycieli i dyrekcji przedszkola o wyst\u0105pieniu objaw\u00f3w wszawicy.<\/li>\n<li>Nauczycieli do niezw\u0142ocznego zg\u0142aszania dyrektorowi przedszkola wszystkich informacji dotycz\u0105cych pojawienia si\u0119 objaw\u00f3w zaka\u017cenia wszawic\u0105 u dzieci.<\/li>\n<li>Dyrektor przedszkola zarz\u0105dza dokonanie przez wychowawc\u00f3w kontroli czysto\u015bci sk\u00f3ry g\u0142owy wszystkich dzieci w grupie oraz wszystkich pracownik\u00f3w&nbsp; przedszkola,<br \/>\nz zachowaniem zasady intymno\u015bci. Kontrola mo\u017ce zosta\u0107 r\u00f3wnie\u017c przeprowadzona<br \/>\nz inicjatywy nauczyciela.<\/li>\n<li>Osoby kontroluj\u0105ce niezw\u0142ocznie przekazuj\u0105 dyrektorowi informacje o wynikach kontroli czysto\u015bci i skali zjawiska.<\/li>\n<li>Osoba upowa\u017cniona przez dyrektora (wychowawca grupy) zawiadamia rodzic\u00f3w dzieci, u kt\u00f3rych stwierdzono wszawic\u0119 o konieczno\u015bci podj\u0119cia niezw\u0142ocznie zabieg\u00f3w higienicznych sk\u00f3ry g\u0142owy. W razie potrzeby instruuje rodzic\u00f3w o sposobie dzia\u0142a\u0144, informuje&nbsp; te\u017c o konieczno\u015bci poddania si\u0119 kuracji wszystkich domownik\u00f3w i monitoruje skuteczno\u015b\u0107 dzia\u0142a\u0144, jednocze\u015bnie informuje dyrektora przedszkola o wynikach kontroli i skali zjawiska.<\/li>\n<li>Dyrektor lub upowa\u017cniona osoba (nauczyciel) informuje wszystkich rodzic\u00f3w<br \/>\no stwierdzeniu wszawicy w grupie dzieci, z zaleceniem codziennej kontroli czysto\u015bci g\u0142owy dziecka oraz czysto\u015bci g\u0142\u00f3w domownik\u00f3w.<\/li>\n<li>W przypadku, gdy rodzice zg\u0142osz\u0105 trudno\u015bci w przeprowadzeniu kuracji (np. brak \u015brodk\u00f3w na zakup preparatu), dyrektor przedszkola we wsp\u00f3\u0142pracy z o\u015brodkiem pomocy spo\u0142ecznej, udzielaj\u0105 rodzicom lub opiekunom niezb\u0119dnej pomocy. Dziecko nieodwszawione nie b\u0119dzie przyjmowane do przedszkola, do momentu ca\u0142kowitego zlikwidowania zaka\u017cenia.<\/li>\n<li>Osoba upowa\u017cniona (wychowawca) po up\u0142ywie 7 -10 dni kontroluje stan czysto\u015bci sk\u00f3ry g\u0142owy dzieci po przeprowadzonych zabiegach higienicznych przez rodzic\u00f3w.<\/li>\n<li>W sytuacji stwierdzenia nieskuteczno\u015bci zalecanych dzia\u0142a\u0144, wychowawca zawiadamia o tym dyrektora przedszkola w celu podj\u0119cia bardziej radykalnych krok\u00f3w (zawiadomienie o\u015brodka pomocy spo\u0142ecznej o konieczno\u015bci wzmo\u017cenia nadzoru nad realizacj\u0105 funkcji opieku\u0144czych przez rodzic\u00f3w dziecka oraz udzielenia potrzebnego wsparcia).<\/li>\n<li>Z przeprowadzonej kontroli czysto\u015bci sporz\u0105dza si\u0119 protok\u00f3\u0142.<\/li>\n<\/ol>\n","protected":false},"excerpt":{"rendered":"<p>JAK ZWI\u0118KSZY\u0106 ODPORNO\u015a\u0106 DZIECKA Dla ka\u017cdego rodzica najwa\u017cniejsze jest zdrowie dziecka. Problem przezi\u0119bie\u0144 w\u015br\u00f3d dzieci jest szczeg\u00f3lnie aktualny w&nbsp;okresie jesienno \u2013 zimowym, kiedy maluchy cz\u0119\u015bciej, ni\u017c w&nbsp;innych porach roku nara\u017cone [&hellip;]<\/p>\n","protected":false},"author":7,"featured_media":0,"parent":0,"menu_order":0,"comment_status":"closed","ping_status":"closed","template":"","meta":{"footnotes":""},"class_list":["post-304","page","type-page","status-publish","hentry","clearfix"],"_links":{"self":[{"href":"https:\/\/przedszkole102.edu.wroclaw.pl\/index.php\/wp-json\/wp\/v2\/pages\/304","targetHints":{"allow":["GET"]}}],"collection":[{"href":"https:\/\/przedszkole102.edu.wroclaw.pl\/index.php\/wp-json\/wp\/v2\/pages"}],"about":[{"href":"https:\/\/przedszkole102.edu.wroclaw.pl\/index.php\/wp-json\/wp\/v2\/types\/page"}],"author":[{"embeddable":true,"href":"https:\/\/przedszkole102.edu.wroclaw.pl\/index.php\/wp-json\/wp\/v2\/users\/7"}],"replies":[{"embeddable":true,"href":"https:\/\/przedszkole102.edu.wroclaw.pl\/index.php\/wp-json\/wp\/v2\/comments?post=304"}],"version-history":[{"count":2,"href":"https:\/\/przedszkole102.edu.wroclaw.pl\/index.php\/wp-json\/wp\/v2\/pages\/304\/revisions"}],"predecessor-version":[{"id":362,"href":"https:\/\/przedszkole102.edu.wroclaw.pl\/index.php\/wp-json\/wp\/v2\/pages\/304\/revisions\/362"}],"wp:attachment":[{"href":"https:\/\/przedszkole102.edu.wroclaw.pl\/index.php\/wp-json\/wp\/v2\/media?parent=304"}],"curies":[{"name":"wp","href":"https:\/\/api.w.org\/{rel}","templated":true}]}}