
{"id":364,"date":"2022-01-28T10:59:26","date_gmt":"2022-01-28T09:59:26","guid":{"rendered":"https:\/\/przedszkole102.edu.wroclaw.pl\/?page_id=364"},"modified":"2022-01-28T10:59:26","modified_gmt":"2022-01-28T09:59:26","slug":"raport-dostepnosci","status":"publish","type":"page","link":"https:\/\/przedszkole102.edu.wroclaw.pl\/index.php\/deklaracja-dostepnosci\/raport-dostepnosci\/","title":{"rendered":"Raport dost\u0119pno\u015bci"},"content":{"rendered":"<p>Strona 1<br \/>\nMINISTERSTWO FUNDUSZY I POLITYKI REGIONALNEJ<br \/>\nul. Wsp\u00f3lna 2\/4, 00-926 Warszawa<br \/>\nRaport o stanie zapewniania dost\u0119pno\u015bci podmiotu publicznego<br \/>\nNazwa i adres podmiotu publicznego<br \/>\nPrzedszkole nr 102<br \/>\nNumer identyfikacyjny REGON<br \/>\n93011342500000<br \/>\nStan w dniu 01.01.2021 r.<br \/>\nTermin przekazania: do 31.03.2021 r.<br \/>\nDane kontaktowe<br \/>\nE-mail sekretariatu podmiotu<br \/>\nsekretariat.p102@wroclawskaedukacja.pl<br \/>\nE-mail kontaktowy osoby, kt\u00f3ra wype\u0142ni\u0142a formularz<br \/>\nanna.pulawska@wroclawskaedukacja.pl<br \/>\nTelefon kontaktowy<br \/>\n717986749<br \/>\nData<br \/>\n2021-01-25<br \/>\nMiejscowo\u015b\u0107<br \/>\nWroc\u0142aw<br \/>\nLokalizacja siedziby podmiotu<br \/>\nWojew\u00f3dztwo<br \/>\nWOJ. DOLNO\u015aL\u0104SKIE<br \/>\nPowiat<br \/>\nPowiat m. Wroc\u0142aw<br \/>\nGmina<br \/>\nWroc\u0142aw-Stare Miasto<br \/>\nPodmiot zobowi\u0105zany do z\u0142o\u017cenia raportu o stanie dost\u0119pno\u015bci na podstawie art. 11 ust. 4. ustawy o zapewnianiu<br \/>\ndost\u0119pno\u015bci osobom ze szczeg\u00f3lnymi potrzebami (UzD) do:<br \/>\n[ X ] 2) wojewody<br \/>\nDzia\u0142 1. Dost\u0119pno\u015b\u0107 architektoniczna<br \/>\nLiczba budynk\u00f3w, w kt\u00f3rych podmiot prowadzi podstawow\u0105 dzia\u0142alno\u015b\u0107 i\/lub obs\u0142ug\u0119 interesant\u00f3w:<br \/>\n1<br \/>\n1. Czy podmiot zapewnia w tym budynku (tych budynkach) wolne od barier poziome i pionowe przestrzenie<br \/>\nkomunikacyjne ?<br \/>\nStrona 2<br \/>\n[ X ] NIE<br \/>\n2. Czy podmiot zastosowa\u0142 w tym budynku (tych budynkach) rozwi\u0105zania architektoniczne, \u015brodki techniczne lub<br \/>\nposiada zainstalowane urz\u0105dzenia, kt\u00f3re umo\u017cliwiaj\u0105 dost\u0119p do wszystkich pomieszcze\u0144, z wy\u0142\u0105czeniem pomieszcze\u0144<br \/>\ntechnicznych?<br \/>\n[ X ] NIE<br \/>\n3. Czy podmiot zapewnia w tym budynku (tych budynkach) informacj\u0119 na temat rozk\u0142adu pomieszcze\u0144, co najmniej w<br \/>\nspos\u00f3b wizualny i dotykowy lub g\u0142osowy?<br \/>\n[ X ] TAK<br \/>\n4. Czy podmiot zapewnia (umo\u017cliwia, dopuszcza) wst\u0119p do tego budynku (tych budynk\u00f3w) osobie korzystaj\u0105cej z psa<br \/>\nasystuj\u0105cego?<br \/>\n[ X ] TAK<br \/>\n5. Czy podmiot zapewnia w przypadku tego budynku (tych budynk\u00f3w) osobom ze szczeg\u00f3lnymi potrzebami mo\u017cliwo\u015b\u0107<br \/>\newakuacji lub uratowania w inny spos\u00f3b?<br \/>\n[ X ] TAK<br \/>\nKomentarze i uwagi dotycz\u0105ce dost\u0119pno\u015bci architektonicznej<br \/>\nBrak dost\u0119pno\u015bci architektonicznej z powodu braku \u015brodk\u00f3w finansowych. Budynek przedszkola pochodzi z lat 70 i do tej pory<br \/>\nnie by\u0142o interesant\u00f3w niepe\u0142nosprawnych wymagaj\u0105cych dostosowania architektonicznego.<br \/>\nDzia\u0142 2. Dost\u0119pno\u015b\u0107 cyfrowa<br \/>\n1. Liczba prowadzonych stron internetowych i udost\u0119pnianych aplikacji mobilnych, dla kt\u00f3rych podmiot posiada<br \/>\ndeklaracj\u0119 dost\u0119pno\u015bci<br \/>\nLiczba stron: 1<br \/>\nLiczba aplikacji: 0<br \/>\nStrony internetowe i aplikacje mobilne, dla kt\u00f3rych podmiot posiada deklaracj\u0119 dost\u0119pno\u015bci<br \/>\nID a11y-url https:\/\/przedszkole102wroc.szkolnastrona.pl\/<br \/>\nID a11y-status [ X ] Cz\u0119\u015bciowo zgodna<br \/>\nID a11y-data-sporzadzenie 2019-09-20<br \/>\n2. Liczba prowadzonych stron internetowych i udost\u0119pnianych aplikacji mobilnych, dla kt\u00f3rych podmiot nie posiada<br \/>\ndeklaracji dost\u0119pno\u015bci<br \/>\nLiczba stron: 0<br \/>\nLiczba aplikacji: 0<br \/>\nProsimy o podanie informacji dotycz\u0105cych stron, dla kt\u00f3rych podmiot nie posiada deklaracji dost\u0119pno\u015bci:<br \/>\nStrona 3<br \/>\nProsimy o podanie informacji dotycz\u0105cych aplikacji, dla kt\u00f3rych podmiot nie posiada deklaracji dost\u0119pno\u015bci:<br \/>\nKomentarze i uwagi dotycz\u0105ce dost\u0119pno\u015bci cyfrowej<br \/>\nSerwis strony internetowej naszej plac\u00f3wki zosta\u0142 zaprojektowany w spos\u00f3b umo\u017cliwiaj\u0105cy dost\u0119pno\u015b\u0107 dla jak najszerszej grupy<br \/>\nodbiorc\u00f3w (w tym dla os\u00f3b niepe\u0142nosprawnych), niezale\u017cnie od u\u017cywanej technologii, oprogramowania lub posiadanej dysfunkcji.<br \/>\nZgodno\u015b\u0107 ze standardami<br \/>\nStrona wykorzystuje nast\u0119puj\u0105ce rozwi\u0105zania:<br \/>\nHTML5<br \/>\nWCAG 2.0 (AA)<br \/>\nKompatybilno\u015b\u0107<br \/>\nSerwis jest w pe\u0142ni rozpoznawalny przez programy czytaj\u0105ce dla os\u00f3b niewidomych takich jak np. Window-Eyes, JAWS czy<br \/>\nNVDA.<br \/>\nPe\u0142na obs\u0142uga serwisu mo\u017cliwa jest zar\u00f3wno przy pomocy samej klawiatury, jak i myszki.<br \/>\nWygl\u0105d i nawigacja<br \/>\nW sekcji nag\u0142\u00f3wka znajduj\u0105 si\u0119 narz\u0119dzia pozwalaj\u0105ce na dobranie dogodnego kontrastu oraz wielko\u015bci czcionki.<br \/>\nAby szybko znale\u017a\u0107 najwa\u017cniejsze tre\u015bci, u\u017cytkownicy mog\u0105 skorzysta\u0107 z g\u0142\u00f3wnego menu, mapy strony lub wbudowanej<br \/>\nwyszukiwarki.<br \/>\nSerwis nie jest wyposa\u017cony w skr\u00f3ty klawiaturowe, kt\u00f3re mog\u0142y by wchodzi\u0107 w konflikt z technologiami asystuj\u0105cymi (np.<br \/>\nprogramy czytaj\u0105ce), systemem lub apl<br \/>\nDzia\u0142 3. Dost\u0119pno\u015b\u0107 informacyjno-komunikacyjna<br \/>\n1. Czy podmiot zapewnia osobom ze szczeg\u00f3lnymi potrzebami obs\u0142ug\u0119 z wykorzystaniem ni\u017cej wymienionych<br \/>\nsposob\u00f3w\/\u015brodk\u00f3w wspieraj\u0105cych komunikowanie si\u0119?<br \/>\na. Kontakt telefoniczny [ X ] TAK<br \/>\nb. Kontakt korespondencyjny [ X ] TAK<br \/>\nc. Przesy\u0142anie wiadomo\u015bci tekstowych, w tym z wykorzystaniem wiadomo\u015bci<br \/>\nSMS, MMS lub komunikator\u00f3w internetowych [ X ] TAK<br \/>\nd. Komunikacja audiowizualna, w tym z wykorzystaniem komunikator\u00f3w<br \/>\ninternetowych [ X ] TAK<br \/>\ne. Przesy\u0142anie faks\u00f3w [ X ] TAK<br \/>\nf. Wykorzystanie t\u0142umacza j\u0119zyka migowego przez strony internetowe i\/lub<br \/>\naplikacje (t\u0142umaczenie online) [ X ] NIE<br \/>\nStrona 4<br \/>\ng. Pomoc t\u0142umacza j\u0119zyka migowego \u2013 kontakt osobisty [ X ] NIE<br \/>\nh. Kontakt z pomoc\u0105 t\u0142umacza-przewodnika (kontakt osobisty) [ X ] NIE<br \/>\n2. Czy podmiot posiada urz\u0105dzenia lub \u015brodki techniczne do obs\u0142ugi os\u00f3b s\u0142abos\u0142ysz\u0105cych, takich jak np. p\u0119tle<br \/>\nindukcyjne, systemy FM, systemy na podczerwie\u0144 (IR), systemy Bluetooth?<br \/>\n[ X ] NIE<br \/>\nLiczba prowadzonych przez podmiot stron internetowych: 1<br \/>\n3. Czy podmiot zapewnia na tej stronie internetowej (tych stronach internetowych) informacj\u0119 o zakresie swojej<br \/>\ndzia\u0142alno\u015bci (g\u0142\u00f3wnych zadaniach podmiotu) w postaci:<br \/>\na. tekstu odczytywalnego maszynowo?<br \/>\n[ X ] NIE<br \/>\nb. nagrania tre\u015bci w polskim j\u0119zyku migowym (PJM) w postaci pliku wideo?<br \/>\n[ X ] NIE<br \/>\nc. informacji w tek\u015bcie \u0142atwym do czytania (ETR)?<br \/>\n[ X ] TAK<br \/>\n4. Czy podmiot zapewnia\u0142 w okresie sprawozdawczym \u2013 tj. od 20.09.2019 r. do 01.01.2021 r. \u2013 na wniosek osoby ze<br \/>\nszczeg\u00f3lnymi potrzebami mo\u017cliwo\u015b\u0107 komunikacji w formie okre\u015blonej w tym wniosku?<br \/>\n[ X ] NIE<br \/>\nDzia\u0142 4. Informacja o dost\u0119pie alternatywnym<br \/>\n1. Czy w okresie sprawozdawczym podmiot zapewnia\u0142 dost\u0119p alternatywny w postaci wsparcia innej osoby?<br \/>\n[ X ] NIE<br \/>\n2. Czy w okresie sprawozdawczym podmiot zapewnia\u0142 dost\u0119p alternatywny w postaci wsparcia technologicznego, w<br \/>\ntym z wykorzystaniem nowoczesnych technologii?<br \/>\n[ X ] NIE<br \/>\n3. Czy w okresie sprawozdawczym podmiot zapewnia\u0142 dost\u0119p alternatywny w postaci zmian w organizacji<br \/>\nfunkcjonowania podmiotu?<br \/>\n[ X ] NIE<br \/>\n4. Czy w okresie sprawozdawczym podmiot zapewnia\u0142 dost\u0119p alternatywny w spos\u00f3b inny ni\u017c wymienione wy\u017cej?<br \/>\n[ X ] NIE<\/p>\n","protected":false},"excerpt":{"rendered":"<p>Strona 1 MINISTERSTWO FUNDUSZY I POLITYKI REGIONALNEJ ul. Wsp\u00f3lna 2\/4, 00-926 Warszawa Raport o stanie zapewniania dost\u0119pno\u015bci podmiotu publicznego Nazwa i adres podmiotu publicznego Przedszkole nr 102 Numer identyfikacyjny REGON [&hellip;]<\/p>\n","protected":false},"author":7,"featured_media":0,"parent":17,"menu_order":0,"comment_status":"closed","ping_status":"closed","template":"","meta":{"footnotes":""},"class_list":["post-364","page","type-page","status-publish","hentry","clearfix"],"_links":{"self":[{"href":"https:\/\/przedszkole102.edu.wroclaw.pl\/index.php\/wp-json\/wp\/v2\/pages\/364","targetHints":{"allow":["GET"]}}],"collection":[{"href":"https:\/\/przedszkole102.edu.wroclaw.pl\/index.php\/wp-json\/wp\/v2\/pages"}],"about":[{"href":"https:\/\/przedszkole102.edu.wroclaw.pl\/index.php\/wp-json\/wp\/v2\/types\/page"}],"author":[{"embeddable":true,"href":"https:\/\/przedszkole102.edu.wroclaw.pl\/index.php\/wp-json\/wp\/v2\/users\/7"}],"replies":[{"embeddable":true,"href":"https:\/\/przedszkole102.edu.wroclaw.pl\/index.php\/wp-json\/wp\/v2\/comments?post=364"}],"version-history":[{"count":1,"href":"https:\/\/przedszkole102.edu.wroclaw.pl\/index.php\/wp-json\/wp\/v2\/pages\/364\/revisions"}],"predecessor-version":[{"id":365,"href":"https:\/\/przedszkole102.edu.wroclaw.pl\/index.php\/wp-json\/wp\/v2\/pages\/364\/revisions\/365"}],"up":[{"embeddable":true,"href":"https:\/\/przedszkole102.edu.wroclaw.pl\/index.php\/wp-json\/wp\/v2\/pages\/17"}],"wp:attachment":[{"href":"https:\/\/przedszkole102.edu.wroclaw.pl\/index.php\/wp-json\/wp\/v2\/media?parent=364"}],"curies":[{"name":"wp","href":"https:\/\/api.w.org\/{rel}","templated":true}]}}